{"id":1447,"date":"2022-06-15T15:05:22","date_gmt":"2022-06-15T13:05:22","guid":{"rendered":"https:\/\/rvsvv.sk\/?page_id=1447"},"modified":"2024-02-23T13:43:45","modified_gmt":"2024-02-23T12:43:45","slug":"rok-2021","status":"publish","type":"page","link":"https:\/\/rvsvv.sk\/?page_id=1447","title":{"rendered":"V\u00fdsledky odobran\u00fdch vzoriek verejn\u00e9ho vodovodu 2021"},"content":{"rendered":"<p><a href=\"https:\/\/rvsvv.sk\/?attachment_id=1427\" rel=\"attachment wp-att-1427\">1161-1162<\/a><\/p>\n<p><a href=\"https:\/\/rvsvv.sk\/?attachment_id=1428\" rel=\"attachment wp-att-1428\">1169-1170<\/a><\/p>\n<p><a href=\"https:\/\/rvsvv.sk\/?attachment_id=1429\" rel=\"attachment wp-att-1429\">4492<\/a><\/p>\n<p><a href=\"https:\/\/rvsvv.sk\/?attachment_id=1430\" rel=\"attachment wp-att-1430\">4497-4498<\/a><\/p>\n<p><a href=\"https:\/\/rvsvv.sk\/?attachment_id=1431\" rel=\"attachment wp-att-1431\">5004<\/a><\/p>\n<p><a href=\"https:\/\/rvsvv.sk\/?attachment_id=1432\" rel=\"attachment wp-att-1432\">6158-6159<\/a><\/p>\n<p><a href=\"https:\/\/rvsvv.sk\/?attachment_id=1433\" rel=\"attachment wp-att-1433\">6163-6164<\/a><\/p>\n<p><a href=\"https:\/\/rvsvv.sk\/?attachment_id=1434\" rel=\"attachment wp-att-1434\">7794-7795<\/a><\/p>\n<p><a href=\"https:\/\/rvsvv.sk\/?attachment_id=1435\" rel=\"attachment wp-att-1435\">7796-7797<\/a><\/p>\n<p><a href=\"https:\/\/rvsvv.sk\/?attachment_id=1436\" rel=\"attachment wp-att-1436\">9330-9331<\/a><\/p>\n<p><a href=\"https:\/\/rvsvv.sk\/?attachment_id=1437\" rel=\"attachment wp-att-1437\">9332-9333<\/a><\/p>\n<p><a href=\"https:\/\/rvsvv.sk\/?attachment_id=1438\" rel=\"attachment wp-att-1438\">9334-9335<\/a><\/p>\n<p><a href=\"https:\/\/rvsvv.sk\/?attachment_id=1439\" rel=\"attachment wp-att-1439\">10444-10445<\/a><\/p>\n<p><a href=\"https:\/\/rvsvv.sk\/?attachment_id=1440\" rel=\"attachment wp-att-1440\">10446-10447<\/a><\/p>\n<p><a href=\"https:\/\/rvsvv.sk\/?attachment_id=1441\" rel=\"attachment wp-att-1441\">13145-13146<\/a><\/p>\n<p><a href=\"https:\/\/rvsvv.sk\/?attachment_id=1442\" rel=\"attachment wp-att-1442\">13147-13148<\/a><\/p>\n<p><a href=\"https:\/\/rvsvv.sk\/?attachment_id=1443\" rel=\"attachment wp-att-1443\">14744-14745<\/a><\/p>\n<p><a href=\"https:\/\/rvsvv.sk\/?attachment_id=1444\" rel=\"attachment wp-att-1444\">14746-14747<\/a><\/p>\n<p><a href=\"https:\/\/rvsvv.sk\/?attachment_id=1445\" rel=\"attachment wp-att-1445\">15992-15993<\/a><\/p>\n<p><a href=\"https:\/\/rvsvv.sk\/?attachment_id=1446\" rel=\"attachment wp-att-1446\">17352-17353<\/a><\/p>\n<p><\/p>\n\n\n<p><\/p>\n","protected":false},"excerpt":{"rendered":"<p>1161-1162 1169-1170 4492 4497-4498 5004 6158-6159 6163-6164 7794-7795 7796-7797 9330-9331 9332-9333 9334-9335 10444-10445 10446-10447 13145-13146 13147-13148 14744-14745 14746-14747 15992-15993 17352-17353<\/p>\n","protected":false},"author":1,"featured_media":0,"parent":0,"menu_order":0,"comment_status":"closed","ping_status":"closed","template":"","meta":{"_acf_changed":false,"_monsterinsights_skip_tracking":false,"_monsterinsights_sitenote_active":false,"_monsterinsights_sitenote_note":"","_monsterinsights_sitenote_category":0,"footnotes":""},"class_list":["post-1447","page","type-page","status-publish","hentry"],"acf":[],"yoast_head":"<!-- This site is optimized with the Yoast SEO plugin v27.5 - https:\/\/yoast.com\/product\/yoast-seo-wordpress\/ -->\n<title>V\u00fdsledky odobran\u00fdch vzoriek verejn\u00e9ho vodovodu 2021 - Region\u00e1lna vod\u00e1rensk\u00e1 spolo\u010dnos\u0165 Vl\u00e1ra - V\u00e1h<\/title>\n<meta name=\"robots\" content=\"index, follow, max-snippet:-1, max-image-preview:large, max-video-preview:-1\" \/>\n<link rel=\"canonical\" href=\"https:\/\/rvsvv.sk\/?page_id=1447\" \/>\n<meta property=\"og:locale\" content=\"sk_SK\" \/>\n<meta property=\"og:type\" content=\"article\" \/>\n<meta property=\"og:title\" content=\"V\u00fdsledky odobran\u00fdch vzoriek verejn\u00e9ho vodovodu 2021 - Region\u00e1lna vod\u00e1rensk\u00e1 spolo\u010dnos\u0165 Vl\u00e1ra - V\u00e1h\" \/>\n<meta property=\"og:description\" content=\"1161-1162 1169-1170 4492 4497-4498 5004 6158-6159 6163-6164 7794-7795 7796-7797 9330-9331 9332-9333 9334-9335 10444-10445 10446-10447 13145-13146 13147-13148 14744-14745 14746-14747 15992-15993 17352-17353\" \/>\n<meta property=\"og:url\" content=\"https:\/\/rvsvv.sk\/?page_id=1447\" \/>\n<meta property=\"og:site_name\" content=\"Region\u00e1lna vod\u00e1rensk\u00e1 spolo\u010dnos\u0165 Vl\u00e1ra - V\u00e1h\" \/>\n<meta property=\"article:publisher\" content=\"https:\/\/www.facebook.com\/profile.php?id=61582484018422\" \/>\n<meta property=\"article:modified_time\" content=\"2024-02-23T12:43:45+00:00\" \/>\n<meta property=\"og:image\" content=\"https:\/\/rvsvv.sk\/wp-content\/uploads\/2025\/10\/IMG_0166.png\" \/>\n\t<meta property=\"og:image:width\" content=\"292\" \/>\n\t<meta property=\"og:image:height\" content=\"216\" \/>\n\t<meta property=\"og:image:type\" content=\"image\/png\" \/>\n<meta name=\"twitter:card\" content=\"summary_large_image\" \/>\n<script type=\"application\/ld+json\" class=\"yoast-schema-graph\">{\"@context\":\"https:\\\/\\\/schema.org\",\"@graph\":[{\"@type\":\"WebPage\",\"@id\":\"https:\\\/\\\/rvsvv.sk\\\/?page_id=1447\",\"url\":\"https:\\\/\\\/rvsvv.sk\\\/?page_id=1447\",\"name\":\"V\u00fdsledky odobran\u00fdch vzoriek verejn\u00e9ho vodovodu 2021 - Region\u00e1lna vod\u00e1rensk\u00e1 spolo\u010dnos\u0165 Vl\u00e1ra - V\u00e1h\",\"isPartOf\":{\"@id\":\"https:\\\/\\\/rvsvv.sk\\\/#website\"},\"datePublished\":\"2022-06-15T13:05:22+00:00\",\"dateModified\":\"2024-02-23T12:43:45+00:00\",\"breadcrumb\":{\"@id\":\"https:\\\/\\\/rvsvv.sk\\\/?page_id=1447#breadcrumb\"},\"inLanguage\":\"sk-SK\",\"potentialAction\":[{\"@type\":\"ReadAction\",\"target\":[\"https:\\\/\\\/rvsvv.sk\\\/?page_id=1447\"]}]},{\"@type\":\"BreadcrumbList\",\"@id\":\"https:\\\/\\\/rvsvv.sk\\\/?page_id=1447#breadcrumb\",\"itemListElement\":[{\"@type\":\"ListItem\",\"position\":1,\"name\":\"Domovsk\u00e1 str\u00e1nka\",\"item\":\"https:\\\/\\\/rvsvv.sk\\\/\"},{\"@type\":\"ListItem\",\"position\":2,\"name\":\"V\u00fdsledky odobran\u00fdch vzoriek verejn\u00e9ho vodovodu 2021\"}]},{\"@type\":\"WebSite\",\"@id\":\"https:\\\/\\\/rvsvv.sk\\\/#website\",\"url\":\"https:\\\/\\\/rvsvv.sk\\\/\",\"name\":\"Region\u00e1lna vod\u00e1rensk\u00e1 spolo\u010dnos\u0165 Vl\u00e1ra - V\u00e1h\",\"description\":\"RVSVV\",\"publisher\":{\"@id\":\"https:\\\/\\\/rvsvv.sk\\\/#organization\"},\"alternateName\":\"RVSVV\",\"potentialAction\":[{\"@type\":\"SearchAction\",\"target\":{\"@type\":\"EntryPoint\",\"urlTemplate\":\"https:\\\/\\\/rvsvv.sk\\\/?s={search_term_string}\"},\"query-input\":{\"@type\":\"PropertyValueSpecification\",\"valueRequired\":true,\"valueName\":\"search_term_string\"}}],\"inLanguage\":\"sk-SK\"},{\"@type\":\"Organization\",\"@id\":\"https:\\\/\\\/rvsvv.sk\\\/#organization\",\"name\":\"Region\u00e1lna vod\u00e1rensk\u00e1 spolo\u010dnos\u0165 Vl\u00e1ra - V\u00e1h\",\"url\":\"https:\\\/\\\/rvsvv.sk\\\/\",\"logo\":{\"@type\":\"ImageObject\",\"inLanguage\":\"sk-SK\",\"@id\":\"https:\\\/\\\/rvsvv.sk\\\/#\\\/schema\\\/logo\\\/image\\\/\",\"url\":\"https:\\\/\\\/rvsvv.sk\\\/wp-content\\\/uploads\\\/2025\\\/10\\\/IMG_0166.png\",\"contentUrl\":\"https:\\\/\\\/rvsvv.sk\\\/wp-content\\\/uploads\\\/2025\\\/10\\\/IMG_0166.png\",\"width\":292,\"height\":216,\"caption\":\"Region\u00e1lna vod\u00e1rensk\u00e1 spolo\u010dnos\u0165 Vl\u00e1ra - V\u00e1h\"},\"image\":{\"@id\":\"https:\\\/\\\/rvsvv.sk\\\/#\\\/schema\\\/logo\\\/image\\\/\"},\"sameAs\":[\"https:\\\/\\\/www.facebook.com\\\/profile.php?id=61582484018422\"]}]}<\/script>\n<!-- \/ Yoast SEO plugin. -->","yoast_head_json":{"title":"V\u00fdsledky odobran\u00fdch vzoriek verejn\u00e9ho vodovodu 2021 - Region\u00e1lna vod\u00e1rensk\u00e1 spolo\u010dnos\u0165 Vl\u00e1ra - V\u00e1h","robots":{"index":"index","follow":"follow","max-snippet":"max-snippet:-1","max-image-preview":"max-image-preview:large","max-video-preview":"max-video-preview:-1"},"canonical":"https:\/\/rvsvv.sk\/?page_id=1447","og_locale":"sk_SK","og_type":"article","og_title":"V\u00fdsledky odobran\u00fdch vzoriek verejn\u00e9ho vodovodu 2021 - Region\u00e1lna vod\u00e1rensk\u00e1 spolo\u010dnos\u0165 Vl\u00e1ra - V\u00e1h","og_description":"1161-1162 1169-1170 4492 4497-4498 5004 6158-6159 6163-6164 7794-7795 7796-7797 9330-9331 9332-9333 9334-9335 10444-10445 10446-10447 13145-13146 13147-13148 14744-14745 14746-14747 15992-15993 17352-17353","og_url":"https:\/\/rvsvv.sk\/?page_id=1447","og_site_name":"Region\u00e1lna vod\u00e1rensk\u00e1 spolo\u010dnos\u0165 Vl\u00e1ra - V\u00e1h","article_publisher":"https:\/\/www.facebook.com\/profile.php?id=61582484018422","article_modified_time":"2024-02-23T12:43:45+00:00","og_image":[{"width":292,"height":216,"url":"https:\/\/rvsvv.sk\/wp-content\/uploads\/2025\/10\/IMG_0166.png","type":"image\/png"}],"twitter_card":"summary_large_image","schema":{"@context":"https:\/\/schema.org","@graph":[{"@type":"WebPage","@id":"https:\/\/rvsvv.sk\/?page_id=1447","url":"https:\/\/rvsvv.sk\/?page_id=1447","name":"V\u00fdsledky odobran\u00fdch vzoriek verejn\u00e9ho vodovodu 2021 - Region\u00e1lna vod\u00e1rensk\u00e1 spolo\u010dnos\u0165 Vl\u00e1ra - V\u00e1h","isPartOf":{"@id":"https:\/\/rvsvv.sk\/#website"},"datePublished":"2022-06-15T13:05:22+00:00","dateModified":"2024-02-23T12:43:45+00:00","breadcrumb":{"@id":"https:\/\/rvsvv.sk\/?page_id=1447#breadcrumb"},"inLanguage":"sk-SK","potentialAction":[{"@type":"ReadAction","target":["https:\/\/rvsvv.sk\/?page_id=1447"]}]},{"@type":"BreadcrumbList","@id":"https:\/\/rvsvv.sk\/?page_id=1447#breadcrumb","itemListElement":[{"@type":"ListItem","position":1,"name":"Domovsk\u00e1 str\u00e1nka","item":"https:\/\/rvsvv.sk\/"},{"@type":"ListItem","position":2,"name":"V\u00fdsledky odobran\u00fdch vzoriek verejn\u00e9ho vodovodu 2021"}]},{"@type":"WebSite","@id":"https:\/\/rvsvv.sk\/#website","url":"https:\/\/rvsvv.sk\/","name":"Region\u00e1lna vod\u00e1rensk\u00e1 spolo\u010dnos\u0165 Vl\u00e1ra - V\u00e1h","description":"RVSVV","publisher":{"@id":"https:\/\/rvsvv.sk\/#organization"},"alternateName":"RVSVV","potentialAction":[{"@type":"SearchAction","target":{"@type":"EntryPoint","urlTemplate":"https:\/\/rvsvv.sk\/?s={search_term_string}"},"query-input":{"@type":"PropertyValueSpecification","valueRequired":true,"valueName":"search_term_string"}}],"inLanguage":"sk-SK"},{"@type":"Organization","@id":"https:\/\/rvsvv.sk\/#organization","name":"Region\u00e1lna vod\u00e1rensk\u00e1 spolo\u010dnos\u0165 Vl\u00e1ra - V\u00e1h","url":"https:\/\/rvsvv.sk\/","logo":{"@type":"ImageObject","inLanguage":"sk-SK","@id":"https:\/\/rvsvv.sk\/#\/schema\/logo\/image\/","url":"https:\/\/rvsvv.sk\/wp-content\/uploads\/2025\/10\/IMG_0166.png","contentUrl":"https:\/\/rvsvv.sk\/wp-content\/uploads\/2025\/10\/IMG_0166.png","width":292,"height":216,"caption":"Region\u00e1lna vod\u00e1rensk\u00e1 spolo\u010dnos\u0165 Vl\u00e1ra - V\u00e1h"},"image":{"@id":"https:\/\/rvsvv.sk\/#\/schema\/logo\/image\/"},"sameAs":["https:\/\/www.facebook.com\/profile.php?id=61582484018422"]}]}},"_links":{"self":[{"href":"https:\/\/rvsvv.sk\/index.php?rest_route=\/wp\/v2\/pages\/1447","targetHints":{"allow":["GET"]}}],"collection":[{"href":"https:\/\/rvsvv.sk\/index.php?rest_route=\/wp\/v2\/pages"}],"about":[{"href":"https:\/\/rvsvv.sk\/index.php?rest_route=\/wp\/v2\/types\/page"}],"author":[{"embeddable":true,"href":"https:\/\/rvsvv.sk\/index.php?rest_route=\/wp\/v2\/users\/1"}],"replies":[{"embeddable":true,"href":"https:\/\/rvsvv.sk\/index.php?rest_route=%2Fwp%2Fv2%2Fcomments&post=1447"}],"version-history":[{"count":6,"href":"https:\/\/rvsvv.sk\/index.php?rest_route=\/wp\/v2\/pages\/1447\/revisions"}],"predecessor-version":[{"id":1848,"href":"https:\/\/rvsvv.sk\/index.php?rest_route=\/wp\/v2\/pages\/1447\/revisions\/1848"}],"wp:attachment":[{"href":"https:\/\/rvsvv.sk\/index.php?rest_route=%2Fwp%2Fv2%2Fmedia&parent=1447"}],"curies":[{"name":"wp","href":"https:\/\/api.w.org\/{rel}","templated":true}]}}