{"id":19,"date":"2017-01-29T13:28:55","date_gmt":"2017-01-29T12:28:55","guid":{"rendered":"http:\/\/rvsvv.sk\/?page_id=19"},"modified":"2023-07-25T15:31:54","modified_gmt":"2023-07-25T13:31:54","slug":"vyrocne-spravy","status":"publish","type":"page","link":"https:\/\/rvsvv.sk\/?page_id=19","title":{"rendered":"O n\u00e1s"},"content":{"rendered":"<p><strong>Region\u00e1lna vod\u00e1rensk\u00e1 spolo\u010dnos\u0165 Vl\u00e1ra-V\u00e1h, s.r.o.<\/strong> so s\u00eddlom v Nem\u0161ovej, ul. J. Palu 2\/3, bola zalo\u017een\u00e1 spolo\u010denskou zmluvou zo d\u0148a 02.08.2006 spolo\u010dn\u00edkmi mestom Nem\u0161ov\u00e1, obcami Doln\u00e1 S\u00fa\u010da, Horn\u00e1 S\u00fa\u010da, Horn\u00e9 Srnie, Hrabovka a Skalka nad V\u00e1hom.<\/p>\n<p>Spolo\u010dnos\u0165 bola zap\u00edsan\u00e1 do OR SR d\u0148a 05.10.2006, vlo\u017eka \u010d. 17107\/R s obchodn\u00fdm menom Region\u00e1lna vod\u00e1rensk\u00e1 spolo\u010dnos\u0165 Vl\u00e1ra-V\u00e1h, s.r.o.<\/p>\n<p>Poslan\u00edm spolo\u010dnosti je hlavne zabezpe\u010denie potrieb obyvate\u013eov a subjektov v spr\u00e1ve na\u0161ej organiz\u00e1cie dod\u00e1vkou pitnej vody, odv\u00e1dzan\u00edm a \u010disten\u00edm odpadov\u00fdch v\u00f4d za prijate\u013en\u00fa cenu vodn\u00e9ho a sto\u010dn\u00e9ho a poskytovan\u00edm kvalitn\u00fdch slu\u017eieb v z\u00e1kazn\u00edckom centre.<\/p>\n<p><strong>Predmet podnikania spolo\u010dnosti:<\/strong><br \/>&#8211; prev\u00e1dzkovanie verejn\u00fdch vodovodov II. a\u017e III. kateg\u00f3rie<br \/>&#8211; prev\u00e1dzkovanie verejn\u00fdch kanaliz\u00e1ci\u00ed II. a\u017e III. kateg\u00f3rie<br \/>&#8211; vykon\u00e1vanie fyzik\u00e1lno-chemick\u00fdch, biologick\u00fdch a mikrobiologick\u00fdch rozborov<br \/>&#8211; podnikanie v oblasti nakladania s in\u00fdm ako nebezpe\u010dn\u00fdm odpadom<br \/>&#8211; k\u00fapa tovaru na \u00fa\u010dely jeho predaja in\u00fdm prev\u00e1dzkovate\u013eom \u017eivnosti (ve\u013ekoobchod) v rozsahu vo\u013en\u00fdch \u017eivnost\u00ed<br \/>&#8211; k\u00fapa tovaru na \u00fa\u010dely jeho predaja kone\u010dn\u00e9mu spotrebite\u013eovi (maloobchod) v rozsahu vo\u013en\u00fdch \u017eivnost\u00ed<br \/>&#8211; pren\u00e1jom nehnute\u013enost\u00ed spojen\u00fd s in\u00fdmi ne\u017e z\u00e1kladn\u00fdmi slu\u017ebami<br \/>&#8211; pren\u00e1jom strojov a malej mechaniz\u00e1cie<br \/>&#8211; uskuto\u010d\u0148ovanie stavieb a ich zmien<br \/>&#8211; in\u017einierska \u010dinnos\u0165 v stavebn\u00edctve &#8211; obstar\u00e1vate\u013esk\u00e1 \u010dinnos\u0165 v stavebn\u00edctve<br \/>&#8211; mont\u00e1\u017e ur\u010den\u00fdch meradiel<\/p>\n<p><strong>Vodovody<\/strong><br \/>Spolo\u010dnos\u0165 prev\u00e1dzkuje vodovody v meste Nem\u0161ov\u00e1 a v obci Horn\u00e9 Srnie v celkovej d\u013a\u017eke 44,5 km, eviduje 2.197 vodovodn\u00fdch pr\u00edpojok.<\/p>\n<p><strong>Kanaliz\u00e1cia<\/strong><br \/>Spolo\u010dnos\u0165 prev\u00e1dzkuje kanaliza\u010dn\u00e9 siete v meste Nem\u0161ov\u00e1 a v obciach Horn\u00e9 Srnie, Bor\u010dice, Bole\u0161ov, Kameni\u010dany, Slavnica, Horn\u00e1 S\u00fa\u010da, Doln\u00e1 S\u00fa\u010da a Skalka nad V\u00e1hom v celkovej d\u013a\u017eke 123 km, eviduje 4.198 kanaliza\u010dn\u00fdch odbo\u010den\u00ed.<br \/><strong><br \/>\u010cOV<\/strong><br \/>Spolo\u010dnos\u0165 prev\u00e1dzkuje dve \u010distiarne odpadov\u00fdch v\u00f4d a 31 \u010derpac\u00edch stan\u00edc odpadov\u00fdch v\u00f4d.<\/p>\n<p><strong><em>\u010cOV Nem\u0161ov\u00e1<\/em><\/strong> &#8211; mechanicko-biologick\u00e1 \u010cOV s terci\u00e1rnym do\u010disten\u00edm biologicky vy\u010disten\u00fdch odpadov\u00fdch v\u00f4d a regener\u00e1ciou vratn\u00e9ho kalu. \u010cOV m\u00e1 kapacitu spracovania odpadov\u00fdch v\u00f4d pre 23 485 EO s pr\u00edtokom 1 066 311 m3\/ rok, s priemern\u00fdm denn\u00fdm bezda\u017e\u010fov\u00fdm pr\u00edtokom spla\u0161kov\u00fdch v\u00f4d v objeme 2921,4 m3\/de\u0148 a maxim\u00e1lnym bezda\u017e\u010fov\u00fdm hodinov\u00fdm pr\u00edtokom 261,17 m3\/hod.<\/p>\n<p><em><strong>Predpokladan\u00fd po\u010det napojen\u00fdch ekvivalentn\u00fdch obyvate\u013eov<\/strong><\/em><br \/>Mesto Nem\u0161ov\u00e1 Po\u010det EO 6 799<br \/>Obec Horn\u00e9 Srnie Po\u010det EO 3 042,5<br \/>Obec Skalka nad V\u00e1hom Po\u010det EO 2 022<br \/>Obec Hrabovka Po\u010det EO 482<br \/>Obec Doln\u00e1 S\u00fa\u010da Po\u010det EO 3 500,9<br \/>Obec Horn\u00e1 S\u00fa\u010da Po\u010det EO 3 777<br \/>Obec Bor\u010dice Po\u010det EO 351<br \/>Obec Bole\u0161ov Po\u010det EO 1 360<br \/>Obec Kameni\u010dany Po\u010det EO 1 350<br \/>Obec Sl\u00e1vnica Po\u010det EO 821<br \/><strong>Spolu Po\u010det EO 23 485,4<\/strong><\/p>\n<p><em><strong>\u010cOV Horn\u00e9 Srnie \u2013 miestna \u010das\u0165 Rybn\u00edky<\/strong><\/em> &#8211; mechanicko biologick\u00e1 \u010distiare\u0148 odpadov\u00fdch v\u00f4d s kapacitou spracovania odpadov\u00fdch v\u00f4d v objeme pre 200 EO s priemern\u00fdm denn\u00fdm pr\u00edtokom spla\u0161kov\u00fdch v\u00f4d 26 m3\/de\u0148 a maxim\u00e1lnym hodinov\u00fdm pr\u00edtokom 5,52 m3\/hod.<\/p>\n<p><em><strong>Predpokladan\u00fd po\u010det napojen\u00fdch ekvivalentn\u00fdch obyvate\u013eov<\/strong><\/em><br \/>Obec Horn\u00e9 Srnie Rybn\u00edky\u00a0 \u00a0Po\u010det EO\u00a0 90<br \/>Zariadenie colnice\u00a0 Po\u010det EO 110<br \/>Spolu\u00a0 Po\u010det EO 200<\/p>\n\n\n<p><\/p>\n","protected":false},"excerpt":{"rendered":"<p>Region\u00e1lna vod\u00e1rensk\u00e1 spolo\u010dnos\u0165 Vl\u00e1ra-V\u00e1h, s.r.o. so s\u00eddlom v Nem\u0161ovej, ul. J. Palu 2\/3, bola zalo\u017een\u00e1 spolo\u010denskou zmluvou zo d\u0148a 02.08.2006 spolo\u010dn\u00edkmi mestom [&hellip;]<\/p>\n","protected":false},"author":1,"featured_media":0,"parent":16,"menu_order":0,"comment_status":"closed","ping_status":"closed","template":"page-templates\/page_fullwidth.php","meta":{"_acf_changed":false,"_monsterinsights_skip_tracking":false,"_monsterinsights_sitenote_active":false,"_monsterinsights_sitenote_note":"","_monsterinsights_sitenote_category":0,"footnotes":""},"class_list":["post-19","page","type-page","status-publish","hentry"],"acf":[],"yoast_head":"<!-- This site is optimized with the Yoast SEO plugin v27.5 - https:\/\/yoast.com\/product\/yoast-seo-wordpress\/ -->\n<title>O n\u00e1s - Region\u00e1lna vod\u00e1rensk\u00e1 spolo\u010dnos\u0165 Vl\u00e1ra - V\u00e1h<\/title>\n<meta name=\"robots\" content=\"index, follow, max-snippet:-1, max-image-preview:large, max-video-preview:-1\" \/>\n<link rel=\"canonical\" href=\"https:\/\/rvsvv.sk\/?page_id=19\" \/>\n<meta property=\"og:locale\" content=\"sk_SK\" \/>\n<meta property=\"og:type\" content=\"article\" \/>\n<meta property=\"og:title\" content=\"O n\u00e1s - Region\u00e1lna vod\u00e1rensk\u00e1 spolo\u010dnos\u0165 Vl\u00e1ra - V\u00e1h\" \/>\n<meta property=\"og:description\" content=\"Region\u00e1lna vod\u00e1rensk\u00e1 spolo\u010dnos\u0165 Vl\u00e1ra-V\u00e1h, s.r.o. so s\u00eddlom v Nem\u0161ovej, ul. J. Palu 2\/3, bola zalo\u017een\u00e1 spolo\u010denskou zmluvou zo d\u0148a 02.08.2006 spolo\u010dn\u00edkmi mestom [&hellip;]\" \/>\n<meta property=\"og:url\" content=\"https:\/\/rvsvv.sk\/?page_id=19\" \/>\n<meta property=\"og:site_name\" content=\"Region\u00e1lna vod\u00e1rensk\u00e1 spolo\u010dnos\u0165 Vl\u00e1ra - V\u00e1h\" \/>\n<meta property=\"article:publisher\" content=\"https:\/\/www.facebook.com\/profile.php?id=61582484018422\" \/>\n<meta property=\"article:modified_time\" content=\"2023-07-25T13:31:54+00:00\" \/>\n<meta property=\"og:image\" content=\"https:\/\/rvsvv.sk\/wp-content\/uploads\/2025\/10\/IMG_0166.png\" \/>\n\t<meta property=\"og:image:width\" content=\"292\" \/>\n\t<meta property=\"og:image:height\" content=\"216\" \/>\n\t<meta property=\"og:image:type\" content=\"image\/png\" \/>\n<meta name=\"twitter:card\" content=\"summary_large_image\" \/>\n<meta name=\"twitter:label1\" content=\"Predpokladan\u00fd \u010das \u010d\u00edtania\" \/>\n\t<meta name=\"twitter:data1\" content=\"3 min\u00faty\" \/>\n<script type=\"application\/ld+json\" class=\"yoast-schema-graph\">{\"@context\":\"https:\\\/\\\/schema.org\",\"@graph\":[{\"@type\":\"WebPage\",\"@id\":\"https:\\\/\\\/rvsvv.sk\\\/?page_id=19\",\"url\":\"https:\\\/\\\/rvsvv.sk\\\/?page_id=19\",\"name\":\"O n\u00e1s - Region\u00e1lna vod\u00e1rensk\u00e1 spolo\u010dnos\u0165 Vl\u00e1ra - V\u00e1h\",\"isPartOf\":{\"@id\":\"https:\\\/\\\/rvsvv.sk\\\/#website\"},\"datePublished\":\"2017-01-29T12:28:55+00:00\",\"dateModified\":\"2023-07-25T13:31:54+00:00\",\"breadcrumb\":{\"@id\":\"https:\\\/\\\/rvsvv.sk\\\/?page_id=19#breadcrumb\"},\"inLanguage\":\"sk-SK\",\"potentialAction\":[{\"@type\":\"ReadAction\",\"target\":[\"https:\\\/\\\/rvsvv.sk\\\/?page_id=19\"]}]},{\"@type\":\"BreadcrumbList\",\"@id\":\"https:\\\/\\\/rvsvv.sk\\\/?page_id=19#breadcrumb\",\"itemListElement\":[{\"@type\":\"ListItem\",\"position\":1,\"name\":\"Domovsk\u00e1 str\u00e1nka\",\"item\":\"https:\\\/\\\/rvsvv.sk\\\/\"},{\"@type\":\"ListItem\",\"position\":2,\"name\":\"O n\u00e1s\",\"item\":\"https:\\\/\\\/rvsvv.sk\\\/?page_id=16\"},{\"@type\":\"ListItem\",\"position\":3,\"name\":\"O n\u00e1s\"}]},{\"@type\":\"WebSite\",\"@id\":\"https:\\\/\\\/rvsvv.sk\\\/#website\",\"url\":\"https:\\\/\\\/rvsvv.sk\\\/\",\"name\":\"Region\u00e1lna vod\u00e1rensk\u00e1 spolo\u010dnos\u0165 Vl\u00e1ra - V\u00e1h\",\"description\":\"RVSVV\",\"publisher\":{\"@id\":\"https:\\\/\\\/rvsvv.sk\\\/#organization\"},\"alternateName\":\"RVSVV\",\"potentialAction\":[{\"@type\":\"SearchAction\",\"target\":{\"@type\":\"EntryPoint\",\"urlTemplate\":\"https:\\\/\\\/rvsvv.sk\\\/?s={search_term_string}\"},\"query-input\":{\"@type\":\"PropertyValueSpecification\",\"valueRequired\":true,\"valueName\":\"search_term_string\"}}],\"inLanguage\":\"sk-SK\"},{\"@type\":\"Organization\",\"@id\":\"https:\\\/\\\/rvsvv.sk\\\/#organization\",\"name\":\"Region\u00e1lna vod\u00e1rensk\u00e1 spolo\u010dnos\u0165 Vl\u00e1ra - V\u00e1h\",\"url\":\"https:\\\/\\\/rvsvv.sk\\\/\",\"logo\":{\"@type\":\"ImageObject\",\"inLanguage\":\"sk-SK\",\"@id\":\"https:\\\/\\\/rvsvv.sk\\\/#\\\/schema\\\/logo\\\/image\\\/\",\"url\":\"https:\\\/\\\/rvsvv.sk\\\/wp-content\\\/uploads\\\/2025\\\/10\\\/IMG_0166.png\",\"contentUrl\":\"https:\\\/\\\/rvsvv.sk\\\/wp-content\\\/uploads\\\/2025\\\/10\\\/IMG_0166.png\",\"width\":292,\"height\":216,\"caption\":\"Region\u00e1lna vod\u00e1rensk\u00e1 spolo\u010dnos\u0165 Vl\u00e1ra - V\u00e1h\"},\"image\":{\"@id\":\"https:\\\/\\\/rvsvv.sk\\\/#\\\/schema\\\/logo\\\/image\\\/\"},\"sameAs\":[\"https:\\\/\\\/www.facebook.com\\\/profile.php?id=61582484018422\"]}]}<\/script>\n<!-- \/ Yoast SEO plugin. -->","yoast_head_json":{"title":"O n\u00e1s - Region\u00e1lna vod\u00e1rensk\u00e1 spolo\u010dnos\u0165 Vl\u00e1ra - V\u00e1h","robots":{"index":"index","follow":"follow","max-snippet":"max-snippet:-1","max-image-preview":"max-image-preview:large","max-video-preview":"max-video-preview:-1"},"canonical":"https:\/\/rvsvv.sk\/?page_id=19","og_locale":"sk_SK","og_type":"article","og_title":"O n\u00e1s - Region\u00e1lna vod\u00e1rensk\u00e1 spolo\u010dnos\u0165 Vl\u00e1ra - V\u00e1h","og_description":"Region\u00e1lna vod\u00e1rensk\u00e1 spolo\u010dnos\u0165 Vl\u00e1ra-V\u00e1h, s.r.o. so s\u00eddlom v Nem\u0161ovej, ul. J. Palu 2\/3, bola zalo\u017een\u00e1 spolo\u010denskou zmluvou zo d\u0148a 02.08.2006 spolo\u010dn\u00edkmi mestom [&hellip;]","og_url":"https:\/\/rvsvv.sk\/?page_id=19","og_site_name":"Region\u00e1lna vod\u00e1rensk\u00e1 spolo\u010dnos\u0165 Vl\u00e1ra - V\u00e1h","article_publisher":"https:\/\/www.facebook.com\/profile.php?id=61582484018422","article_modified_time":"2023-07-25T13:31:54+00:00","og_image":[{"width":292,"height":216,"url":"https:\/\/rvsvv.sk\/wp-content\/uploads\/2025\/10\/IMG_0166.png","type":"image\/png"}],"twitter_card":"summary_large_image","twitter_misc":{"Predpokladan\u00fd \u010das \u010d\u00edtania":"3 min\u00faty"},"schema":{"@context":"https:\/\/schema.org","@graph":[{"@type":"WebPage","@id":"https:\/\/rvsvv.sk\/?page_id=19","url":"https:\/\/rvsvv.sk\/?page_id=19","name":"O n\u00e1s - Region\u00e1lna vod\u00e1rensk\u00e1 spolo\u010dnos\u0165 Vl\u00e1ra - V\u00e1h","isPartOf":{"@id":"https:\/\/rvsvv.sk\/#website"},"datePublished":"2017-01-29T12:28:55+00:00","dateModified":"2023-07-25T13:31:54+00:00","breadcrumb":{"@id":"https:\/\/rvsvv.sk\/?page_id=19#breadcrumb"},"inLanguage":"sk-SK","potentialAction":[{"@type":"ReadAction","target":["https:\/\/rvsvv.sk\/?page_id=19"]}]},{"@type":"BreadcrumbList","@id":"https:\/\/rvsvv.sk\/?page_id=19#breadcrumb","itemListElement":[{"@type":"ListItem","position":1,"name":"Domovsk\u00e1 str\u00e1nka","item":"https:\/\/rvsvv.sk\/"},{"@type":"ListItem","position":2,"name":"O n\u00e1s","item":"https:\/\/rvsvv.sk\/?page_id=16"},{"@type":"ListItem","position":3,"name":"O n\u00e1s"}]},{"@type":"WebSite","@id":"https:\/\/rvsvv.sk\/#website","url":"https:\/\/rvsvv.sk\/","name":"Region\u00e1lna vod\u00e1rensk\u00e1 spolo\u010dnos\u0165 Vl\u00e1ra - V\u00e1h","description":"RVSVV","publisher":{"@id":"https:\/\/rvsvv.sk\/#organization"},"alternateName":"RVSVV","potentialAction":[{"@type":"SearchAction","target":{"@type":"EntryPoint","urlTemplate":"https:\/\/rvsvv.sk\/?s={search_term_string}"},"query-input":{"@type":"PropertyValueSpecification","valueRequired":true,"valueName":"search_term_string"}}],"inLanguage":"sk-SK"},{"@type":"Organization","@id":"https:\/\/rvsvv.sk\/#organization","name":"Region\u00e1lna vod\u00e1rensk\u00e1 spolo\u010dnos\u0165 Vl\u00e1ra - V\u00e1h","url":"https:\/\/rvsvv.sk\/","logo":{"@type":"ImageObject","inLanguage":"sk-SK","@id":"https:\/\/rvsvv.sk\/#\/schema\/logo\/image\/","url":"https:\/\/rvsvv.sk\/wp-content\/uploads\/2025\/10\/IMG_0166.png","contentUrl":"https:\/\/rvsvv.sk\/wp-content\/uploads\/2025\/10\/IMG_0166.png","width":292,"height":216,"caption":"Region\u00e1lna vod\u00e1rensk\u00e1 spolo\u010dnos\u0165 Vl\u00e1ra - V\u00e1h"},"image":{"@id":"https:\/\/rvsvv.sk\/#\/schema\/logo\/image\/"},"sameAs":["https:\/\/www.facebook.com\/profile.php?id=61582484018422"]}]}},"_links":{"self":[{"href":"https:\/\/rvsvv.sk\/index.php?rest_route=\/wp\/v2\/pages\/19","targetHints":{"allow":["GET"]}}],"collection":[{"href":"https:\/\/rvsvv.sk\/index.php?rest_route=\/wp\/v2\/pages"}],"about":[{"href":"https:\/\/rvsvv.sk\/index.php?rest_route=\/wp\/v2\/types\/page"}],"author":[{"embeddable":true,"href":"https:\/\/rvsvv.sk\/index.php?rest_route=\/wp\/v2\/users\/1"}],"replies":[{"embeddable":true,"href":"https:\/\/rvsvv.sk\/index.php?rest_route=%2Fwp%2Fv2%2Fcomments&post=19"}],"version-history":[{"count":5,"href":"https:\/\/rvsvv.sk\/index.php?rest_route=\/wp\/v2\/pages\/19\/revisions"}],"predecessor-version":[{"id":1720,"href":"https:\/\/rvsvv.sk\/index.php?rest_route=\/wp\/v2\/pages\/19\/revisions\/1720"}],"up":[{"embeddable":true,"href":"https:\/\/rvsvv.sk\/index.php?rest_route=\/wp\/v2\/pages\/16"}],"wp:attachment":[{"href":"https:\/\/rvsvv.sk\/index.php?rest_route=%2Fwp%2Fv2%2Fmedia&parent=19"}],"curies":[{"name":"wp","href":"https:\/\/api.w.org\/{rel}","templated":true}]}}