{"id":2063,"date":"2025-03-03T12:32:14","date_gmt":"2025-03-03T11:32:14","guid":{"rendered":"https:\/\/rvsvv.sk\/?page_id=2063"},"modified":"2026-01-20T09:56:40","modified_gmt":"2026-01-20T08:56:40","slug":"vysledky-odobranych-vzoriek-verejneho-vodovodu-2025","status":"publish","type":"page","link":"https:\/\/rvsvv.sk\/?page_id=2063","title":{"rendered":"V\u00fdsledky odobran\u00fdch vzoriek verejn\u00e9ho vodovodu 2025"},"content":{"rendered":"<p><a href=\"https:\/\/rvsvv.sk\/?attachment_id=2281\" rel=\"attachment wp-att-2281\">16900 Nemsova OM VV hydrant mladeznicka<\/a><\/p>\n<p><a href=\"https:\/\/rvsvv.sk\/?attachment_id=2280\" rel=\"attachment wp-att-2280\">16899,16900 odb Nemsova OM VV hydrant mladeznicka<\/a><\/p>\n<p><a href=\"https:\/\/rvsvv.sk\/?attachment_id=2279\" rel=\"attachment wp-att-2279\">16899 Nemsova OM VV hydrant mladeznicka<\/a><\/p>\n<p><a href=\"https:\/\/rvsvv.sk\/?attachment_id=2278\" rel=\"attachment wp-att-2278\">16517 Tr. Zavada OM RD 14<\/a><\/p>\n<p><a href=\"https:\/\/rvsvv.sk\/?attachment_id=2277\" rel=\"attachment wp-att-2277\">16516 Tr. Zavada OM RD 14<\/a><\/p>\n<p><a href=\"https:\/\/rvsvv.sk\/?attachment_id=2276\" rel=\"attachment wp-att-2276\">16515,16516,16517 odb Tr. Zavada OM RD 14<\/a><\/p>\n<p><a href=\"https:\/\/rvsvv.sk\/?attachment_id=2275\" rel=\"attachment wp-att-2275\">16515 Tr. Zavada OM RD 14<\/a><\/p>\n<p><a href=\"https:\/\/rvsvv.sk\/?attachment_id=2274\" rel=\"attachment wp-att-2274\">16514 Klucove OM AS Stromova<\/a><\/p>\n<p><a href=\"https:\/\/rvsvv.sk\/?attachment_id=2273\" rel=\"attachment wp-att-2273\">16513,16514 odb Klucove OM AS Stromova<\/a><\/p>\n<p><a href=\"https:\/\/rvsvv.sk\/?attachment_id=2272\" rel=\"attachment wp-att-2272\">16513 Klucove OM AS Stromova<\/a><\/p>\n<p><a href=\"https:\/\/rvsvv.sk\/?attachment_id=2271\" rel=\"attachment wp-att-2271\">16512 Horne Srnie OM Mostikova 45<\/a><\/p>\n<p><a href=\"https:\/\/rvsvv.sk\/?attachment_id=2270\" rel=\"attachment wp-att-2270\">16511,16512 odb Horne Srnie OM Mostikova 45<\/a><\/p>\n<p><a href=\"https:\/\/rvsvv.sk\/?attachment_id=2269\" rel=\"attachment wp-att-2269\">16511 Horne Srnie OM Mostikova 45<\/a><\/p>\n<p><a href=\"https:\/\/rvsvv.sk\/?attachment_id=2268\" rel=\"attachment wp-att-2268\">16510 Luborca OM COV<\/a><\/p>\n<p><a href=\"https:\/\/rvsvv.sk\/?attachment_id=2267\" rel=\"attachment wp-att-2267\">16509,16510 odb Luborca OM COV<\/a><\/p>\n<p><a href=\"https:\/\/rvsvv.sk\/?attachment_id=2266\" rel=\"attachment wp-att-2266\">16509 Luborca OM COV<\/a><\/p>\n<p><a href=\"https:\/\/rvsvv.sk\/?attachment_id=2265\" rel=\"attachment wp-att-2265\">16508 Horne Srnie OM VZ SR HS-7<\/a><\/p>\n<p><a href=\"https:\/\/rvsvv.sk\/?attachment_id=2264\" rel=\"attachment wp-att-2264\">16507,16508 odb Horne Srnie OM VZ SR HS-7<\/a><\/p>\n<p><a href=\"https:\/\/rvsvv.sk\/?attachment_id=2263\" rel=\"attachment wp-att-2263\">16507 Horne Srnie OM VZ SR HS-7<\/a><a href=\"https:\/\/rvsvv.sk\/?attachment_id=2264\" rel=\"attachment wp-att-2264\">16507<\/a><\/p>\n<p><a href=\"https:\/\/rvsvv.sk\/?attachment_id=2262\" rel=\"attachment wp-att-2262\">16502 odb Horne Srnie Rybniky OM RD 48<\/a><\/p>\n<p><a href=\"https:\/\/rvsvv.sk\/?attachment_id=2261\" rel=\"attachment wp-att-2261\">16502 Horne Srnie Rybniky OM RD 48<\/a><\/p>\n<p><a href=\"https:\/\/rvsvv.sk\/?attachment_id=2260\" rel=\"attachment wp-att-2260\">15125 odb Tr Zavada OM vrt HTZ-1<\/a><\/p>\n<p><a href=\"https:\/\/rvsvv.sk\/?attachment_id=2258\" rel=\"attachment wp-att-2258\">15117 Horne Srnie Rybniky OM RD 48<\/a><\/p>\n<p><a href=\"https:\/\/rvsvv.sk\/?attachment_id=2257\" rel=\"attachment wp-att-2257\">15116,15117 odb Horne Srnie Rybniky OM RD 48<\/a><\/p>\n<p><a href=\"https:\/\/rvsvv.sk\/?attachment_id=2255\" rel=\"attachment wp-att-2255\">15115 Horne Srnie OM OCU<\/a><\/p>\n<p><a href=\"https:\/\/rvsvv.sk\/?attachment_id=2254\" rel=\"attachment wp-att-2254\">15114 Horne Srnie OM OCU<\/a><\/p>\n<p><a href=\"https:\/\/rvsvv.sk\/?attachment_id=2253\" rel=\"attachment wp-att-2253\">15113,15114,15115 odb Horne Srnie OM OCU<\/a><\/p>\n<p><a href=\"https:\/\/rvsvv.sk\/?attachment_id=2252\" rel=\"attachment wp-att-2252\">15113 Horne Srnie OM OCU<\/a><\/p>\n<p><a href=\"https:\/\/rvsvv.sk\/?attachment_id=2251\" rel=\"attachment wp-att-2251\">15112 Tr Zavada OM VZ vrt HTZ-1<\/a><\/p>\n<p><a href=\"https:\/\/rvsvv.sk\/?attachment_id=2250\" rel=\"attachment wp-att-2250\">15111 Tr Zavada OM VZ vrt HTZ-1<\/a><\/p>\n<p><a href=\"https:\/\/rvsvv.sk\/?attachment_id=2249\" rel=\"attachment wp-att-2249\">15110,15111,15112 odb Tr Zavada OM VZ vrt HTZ-1<\/a><\/p>\n<p><a href=\"https:\/\/rvsvv.sk\/?attachment_id=2248\" rel=\"attachment wp-att-2248\">15110 Tr Zavada OM VZ vrt HTZ-1<\/a><\/p>\n<p><a href=\"https:\/\/rvsvv.sk\/?attachment_id=2247\" rel=\"attachment wp-att-2247\">15109 Tr Zavada OM RD 26<\/a><\/p>\n<p><a href=\"https:\/\/rvsvv.sk\/?attachment_id=2246\" rel=\"attachment wp-att-2246\">15108,15109 odb Tr Zavada OM RD 26<\/a><\/p>\n<p><a href=\"https:\/\/rvsvv.sk\/?attachment_id=2245\" rel=\"attachment wp-att-2245\">15108 Tr Zavada OM RD 26<\/a><\/p>\n<p><a href=\"https:\/\/rvsvv.sk\/?attachment_id=2244\" rel=\"attachment wp-att-2244\">15107 Nemsova OM SNP4<\/a><\/p>\n<p><a href=\"https:\/\/rvsvv.sk\/?attachment_id=2243\" rel=\"attachment wp-att-2243\">15106 odb Nemsova OM SNP4<\/a><\/p>\n<p><a href=\"https:\/\/rvsvv.sk\/?attachment_id=2242\" rel=\"attachment wp-att-2242\">15106 Nemsova OM SNP4<\/a><\/p>\n<p><a href=\"https:\/\/rvsvv.sk\/?attachment_id=2241\" rel=\"attachment wp-att-2241\">12778 Tr Zavada OM VZ Nad Oborou<\/a><\/p>\n<p><a href=\"https:\/\/rvsvv.sk\/?attachment_id=2239\" rel=\"attachment wp-att-2239\">12776,12777,12778 odb Tr Zavada OM VZ Nad Oborou<\/a><\/p>\n<p><a href=\"https:\/\/rvsvv.sk\/?attachment_id=2238\" rel=\"attachment wp-att-2238\">12776 Tr Zavada OM VZ Nad Oborou<\/a><\/p>\n<p><a href=\"https:\/\/rvsvv.sk\/?attachment_id=2236\" rel=\"attachment wp-att-2236\">12774,12775 odb Horne Srnie OM VZ HS-6<\/a><\/p>\n<p><a href=\"https:\/\/rvsvv.sk\/?attachment_id=2235\" rel=\"attachment wp-att-2235\">12774 Horne Srnie OM VZ HS-6<\/a><\/p>\n<p><a href=\"https:\/\/rvsvv.sk\/?attachment_id=2194\" rel=\"attachment wp-att-2194\">10743<\/a><\/p>\n<p><a href=\"https:\/\/rvsvv.sk\/?attachment_id=2193\" rel=\"attachment wp-att-2193\">10742<\/a><\/p>\n<p><a href=\"https:\/\/rvsvv.sk\/?attachment_id=2192\" rel=\"attachment wp-att-2192\">10741<\/a><\/p>\n<p><a href=\"https:\/\/rvsvv.sk\/?attachment_id=2191\" rel=\"attachment wp-att-2191\">10741,10742,10743 odb<\/a><\/p>\n<p><a href=\"https:\/\/rvsvv.sk\/?attachment_id=2190\" rel=\"attachment wp-att-2190\">10740<\/a><\/p>\n<p><a href=\"https:\/\/rvsvv.sk\/?attachment_id=2189\" rel=\"attachment wp-att-2189\">10739<\/a><\/p>\n<p><a href=\"https:\/\/rvsvv.sk\/?attachment_id=2188\" rel=\"attachment wp-att-2188\">10738<\/a><\/p>\n<p><a href=\"https:\/\/rvsvv.sk\/?attachment_id=2187\" rel=\"attachment wp-att-2187\">10738,10739,10740 odb<\/a><\/p>\n<p><a href=\"https:\/\/rvsvv.sk\/?attachment_id=2186\" rel=\"attachment wp-att-2186\">10737<\/a><\/p>\n<p><a href=\"https:\/\/rvsvv.sk\/?attachment_id=2185\" rel=\"attachment wp-att-2185\">10736<\/a><\/p>\n<p><a href=\"https:\/\/rvsvv.sk\/?attachment_id=2184\" rel=\"attachment wp-att-2184\">10736,10737 odb<\/a><\/p>\n<p><a href=\"https:\/\/rvsvv.sk\/?attachment_id=2183\" rel=\"attachment wp-att-2183\">10735<\/a><\/p>\n<p><a href=\"https:\/\/rvsvv.sk\/?attachment_id=2182\" rel=\"attachment wp-att-2182\">10734<\/a><\/p>\n<p><a href=\"https:\/\/rvsvv.sk\/?attachment_id=2181\" rel=\"attachment wp-att-2181\">10734,10735 odb<\/a><\/p>\n<p><a href=\"https:\/\/rvsvv.sk\/?attachment_id=2180\" rel=\"attachment wp-att-2180\">9546<\/a><\/p>\n<p><a href=\"https:\/\/rvsvv.sk\/?attachment_id=2179\" rel=\"attachment wp-att-2179\">9545<\/a><\/p>\n<p><a href=\"https:\/\/rvsvv.sk\/?attachment_id=2178\" rel=\"attachment wp-att-2178\">9544-9546 odb<\/a><\/p>\n<p><a href=\"https:\/\/rvsvv.sk\/?attachment_id=2177\" rel=\"attachment wp-att-2177\">9544<\/a><\/p>\n<p><a href=\"https:\/\/rvsvv.sk\/?attachment_id=2200\" rel=\"attachment wp-att-2200\">9543<\/a><\/p>\n<p><a href=\"https:\/\/rvsvv.sk\/?attachment_id=2199\" rel=\"attachment wp-att-2199\">9542<\/a><\/p>\n<p><a href=\"https:\/\/rvsvv.sk\/?attachment_id=2174\" rel=\"attachment wp-att-2174\">8260<\/a><\/p>\n<p><a href=\"https:\/\/rvsvv.sk\/?attachment_id=2173\" rel=\"attachment wp-att-2173\">8259<\/a><\/p>\n<p><a href=\"https:\/\/rvsvv.sk\/?attachment_id=2172\" rel=\"attachment wp-att-2172\">8258<\/a><\/p>\n<p><a href=\"https:\/\/rvsvv.sk\/?attachment_id=2171\" rel=\"attachment wp-att-2171\">8258,8259,8260 odb<\/a><\/p>\n<p><a href=\"https:\/\/rvsvv.sk\/?attachment_id=2170\" rel=\"attachment wp-att-2170\">8257<\/a><\/p>\n<p><a href=\"https:\/\/rvsvv.sk\/?attachment_id=2169\" rel=\"attachment wp-att-2169\">8256<\/a><\/p>\n<p><a href=\"https:\/\/rvsvv.sk\/?attachment_id=2168\" rel=\"attachment wp-att-2168\">8256,8257 odb<\/a><\/p>\n<p><a href=\"https:\/\/rvsvv.sk\/?attachment_id=2167\" rel=\"attachment wp-att-2167\">8255<\/a><\/p>\n<p><a href=\"https:\/\/rvsvv.sk\/?attachment_id=2166\" rel=\"attachment wp-att-2166\">8254<\/a><\/p>\n<p><a href=\"https:\/\/rvsvv.sk\/?attachment_id=2165\" rel=\"attachment wp-att-2165\">8254,8255 odb<\/a><\/p>\n<p><a href=\"https:\/\/rvsvv.sk\/?attachment_id=2164\" rel=\"attachment wp-att-2164\">8253<\/a><\/p>\n<p><a href=\"https:\/\/rvsvv.sk\/?attachment_id=2163\" rel=\"attachment wp-att-2163\">8252<\/a><\/p>\n<p><a href=\"https:\/\/rvsvv.sk\/?attachment_id=2162\" rel=\"attachment wp-att-2162\">8252,8253 odb<\/a><\/p>\n<p><a href=\"https:\/\/rvsvv.sk\/?attachment_id=2159\" rel=\"attachment wp-att-2159\">6542<\/a><\/p>\n<p><a href=\"https:\/\/rvsvv.sk\/?attachment_id=2158\" rel=\"attachment wp-att-2158\">6541<\/a><\/p>\n<p><a href=\"https:\/\/rvsvv.sk\/?attachment_id=2157\" rel=\"attachment wp-att-2157\">6540<\/a><\/p>\n<p><a href=\"https:\/\/rvsvv.sk\/?attachment_id=2156\" rel=\"attachment wp-att-2156\">6540,6541,6542 odb<\/a><\/p>\n<p><a href=\"https:\/\/rvsvv.sk\/?attachment_id=2155\" rel=\"attachment wp-att-2155\">6539<\/a><\/p>\n<p><a href=\"https:\/\/rvsvv.sk\/?attachment_id=2154\" rel=\"attachment wp-att-2154\">6538<\/a><\/p>\n<p><a href=\"https:\/\/rvsvv.sk\/?attachment_id=2153\" rel=\"attachment wp-att-2153\">6538,6539 odb<\/a><\/p>\n<p><a href=\"https:\/\/rvsvv.sk\/?attachment_id=2149\" rel=\"attachment wp-att-2149\">5257<\/a><\/p>\n<p><a href=\"https:\/\/rvsvv.sk\/?attachment_id=2148\" rel=\"attachment wp-att-2148\">5256<\/a><\/p>\n<p><a href=\"https:\/\/rvsvv.sk\/?attachment_id=2147\" rel=\"attachment wp-att-2147\">5256,5257 odb<\/a><\/p>\n<p><a href=\"https:\/\/rvsvv.sk\/?attachment_id=2146\" rel=\"attachment wp-att-2146\">5255<\/a><\/p>\n<p><a href=\"https:\/\/rvsvv.sk\/?attachment_id=2145\" rel=\"attachment wp-att-2145\">5254<\/a><\/p>\n<p><a href=\"https:\/\/rvsvv.sk\/?attachment_id=2144\" rel=\"attachment wp-att-2144\">5254,5255 odb<\/a><\/p>\n<p><a href=\"https:\/\/rvsvv.sk\/?attachment_id=2143\" rel=\"attachment wp-att-2143\">5253<\/a><\/p>\n<p><a href=\"https:\/\/rvsvv.sk\/?attachment_id=2142\" rel=\"attachment wp-att-2142\">5252<\/a><\/p>\n<p><a href=\"https:\/\/rvsvv.sk\/?attachment_id=2141\" rel=\"attachment wp-att-2141\">5252,5253 odb<\/a><\/p>\n<p><a href=\"https:\/\/rvsvv.sk\/?attachment_id=2140\" rel=\"attachment wp-att-2140\">3861<\/a><\/p>\n<p><a href=\"https:\/\/rvsvv.sk\/?attachment_id=2139\" rel=\"attachment wp-att-2139\">3860<\/a><\/p>\n<p><a href=\"https:\/\/rvsvv.sk\/?attachment_id=2138\" rel=\"attachment wp-att-2138\">3860, 3861 odb<\/a><\/p>\n<p><a href=\"https:\/\/rvsvv.sk\/?attachment_id=2137\" rel=\"attachment wp-att-2137\">3859<\/a><\/p>\n<p><a href=\"https:\/\/rvsvv.sk\/?attachment_id=2136\" rel=\"attachment wp-att-2136\">3858<\/a><\/p>\n<p><a href=\"https:\/\/rvsvv.sk\/?attachment_id=2135\" rel=\"attachment wp-att-2135\">3858, 3859 odb<\/a><\/p>\n<p><a href=\"https:\/\/rvsvv.sk\/?attachment_id=2134\" rel=\"attachment wp-att-2134\">3857<\/a><\/p>\n<p><a href=\"https:\/\/rvsvv.sk\/?attachment_id=2133\" rel=\"attachment wp-att-2133\">3856<\/a><\/p>\n<p><a href=\"https:\/\/rvsvv.sk\/?attachment_id=2132\" rel=\"attachment wp-att-2132\">3856, 3857 odb<\/a><\/p>\n<p><a href=\"https:\/\/rvsvv.sk\/?attachment_id=2131\" rel=\"attachment wp-att-2131\">3855<\/a><\/p>\n<p><a href=\"https:\/\/rvsvv.sk\/?attachment_id=2130\" rel=\"attachment wp-att-2130\">3854<\/a><\/p>\n<p><a href=\"https:\/\/rvsvv.sk\/?attachment_id=2129\" rel=\"attachment wp-att-2129\">3853<\/a><\/p>\n<p><a href=\"https:\/\/rvsvv.sk\/?attachment_id=2128\" rel=\"attachment wp-att-2128\">3853, 3854, 3855 odb<\/a><\/p>\n<p><a href=\"https:\/\/rvsvv.sk\/?attachment_id=2124\" rel=\"attachment wp-att-2124\">2611<\/a><\/p>\n<p><a href=\"https:\/\/rvsvv.sk\/?attachment_id=2123\" rel=\"attachment wp-att-2123\">2611 odb<\/a><\/p>\n<p><a href=\"https:\/\/rvsvv.sk\/?attachment_id=2122\" rel=\"attachment wp-att-2122\">2610<\/a><\/p>\n<p><a href=\"https:\/\/rvsvv.sk\/?attachment_id=2121\" rel=\"attachment wp-att-2121\">2609<\/a><\/p>\n<p><a href=\"https:\/\/rvsvv.sk\/?attachment_id=2120\" rel=\"attachment wp-att-2120\">2609,2610 odb<\/a><\/p>\n<p><a href=\"https:\/\/rvsvv.sk\/?attachment_id=2119\" rel=\"attachment wp-att-2119\">2608<\/a><\/p>\n<p><a href=\"https:\/\/rvsvv.sk\/?attachment_id=2118\" rel=\"attachment wp-att-2118\">2607<\/a><\/p>\n<p><a href=\"https:\/\/rvsvv.sk\/?attachment_id=2117\" rel=\"attachment wp-att-2117\">2606<\/a><\/p>\n<p><a href=\"https:\/\/rvsvv.sk\/?attachment_id=2116\" rel=\"attachment wp-att-2116\">2605<\/a><\/p>\n<p><a href=\"https:\/\/rvsvv.sk\/?attachment_id=2115\" rel=\"attachment wp-att-2115\">2605,2606 odb<\/a><\/p>\n<p><a href=\"https:\/\/rvsvv.sk\/?attachment_id=2107\" rel=\"attachment wp-att-2107\">1303<\/a><\/p>\n<p><a href=\"https:\/\/rvsvv.sk\/?attachment_id=2106\" rel=\"attachment wp-att-2106\">1302<\/a><\/p>\n<p><a href=\"https:\/\/rvsvv.sk\/?attachment_id=2105\" rel=\"attachment wp-att-2105\">1301<\/a><\/p>\n<p><a href=\"https:\/\/rvsvv.sk\/?attachment_id=2104\" rel=\"attachment wp-att-2104\">1301,1302,1303 odb<\/a><\/p>\n<p><a href=\"https:\/\/rvsvv.sk\/?attachment_id=2103\" rel=\"attachment wp-att-2103\">1300<\/a><\/p>\n<p><a href=\"https:\/\/rvsvv.sk\/?attachment_id=2102\" rel=\"attachment wp-att-2102\">1299<\/a><\/p>\n<p><a href=\"https:\/\/rvsvv.sk\/?attachment_id=2108\" rel=\"attachment wp-att-2108\">1299,1300 odb<\/a><\/p>\n<p><a href=\"https:\/\/rvsvv.sk\/?attachment_id=2109\" rel=\"attachment wp-att-2109\">1298<\/a><\/p>\n<p><a href=\"https:\/\/rvsvv.sk\/?attachment_id=2110\" rel=\"attachment wp-att-2110\">1297<\/a><\/p>\n<p><a href=\"https:\/\/rvsvv.sk\/?attachment_id=2111\" rel=\"attachment wp-att-2111\">1297,1298 odb<\/a><\/p>\n<p><a href=\"https:\/\/rvsvv.sk\/?attachment_id=2101\" rel=\"attachment wp-att-2101\">615<\/a><\/p>\n<p><a href=\"https:\/\/rvsvv.sk\/?attachment_id=2100\" rel=\"attachment wp-att-2100\">614,615 odb<\/a><\/p>\n<p><a href=\"https:\/\/rvsvv.sk\/?attachment_id=2099\" rel=\"attachment wp-att-2099\">613<\/a><\/p>\n<p><a href=\"https:\/\/rvsvv.sk\/?attachment_id=2098\" rel=\"attachment wp-att-2098\">612<\/a><\/p>\n<p><a href=\"https:\/\/rvsvv.sk\/?attachment_id=2097\" rel=\"attachment wp-att-2097\">612,613 odb<\/a><\/p>\n<p><a href=\"https:\/\/rvsvv.sk\/?attachment_id=2096\" rel=\"attachment wp-att-2096\">611<\/a><\/p>\n<p><a href=\"https:\/\/rvsvv.sk\/?attachment_id=2095\" rel=\"attachment wp-att-2095\">610<\/a><\/p>\n<p><a href=\"https:\/\/rvsvv.sk\/?attachment_id=2094\" rel=\"attachment wp-att-2094\">610,611 odb<\/a><\/p>\n<p><a href=\"https:\/\/rvsvv.sk\/?attachment_id=2093\" rel=\"attachment wp-att-2093\">609<\/a><\/p>\n<p><a href=\"https:\/\/rvsvv.sk\/?attachment_id=2092\" rel=\"attachment wp-att-2092\">608<\/a><\/p>\n<p><a href=\"https:\/\/rvsvv.sk\/?attachment_id=2068\" rel=\"attachment wp-att-2068\">608,609 odb<\/a><\/p>\n\n\n<p><\/p>\n","protected":false},"excerpt":{"rendered":"<p>16900 Nemsova OM VV hydrant mladeznicka 16899,16900 odb Nemsova OM VV hydrant mladeznicka 16899 Nemsova OM VV hydrant mladeznicka 16517 Tr. Zavada [&hellip;]<\/p>\n","protected":false},"author":1,"featured_media":0,"parent":0,"menu_order":0,"comment_status":"closed","ping_status":"closed","template":"","meta":{"_acf_changed":false,"_monsterinsights_skip_tracking":false,"_monsterinsights_sitenote_active":false,"_monsterinsights_sitenote_note":"","_monsterinsights_sitenote_category":0,"footnotes":""},"class_list":["post-2063","page","type-page","status-publish","hentry"],"acf":[],"yoast_head":"<!-- This site is optimized with the Yoast SEO plugin v27.5 - https:\/\/yoast.com\/product\/yoast-seo-wordpress\/ -->\n<title>V\u00fdsledky odobran\u00fdch vzoriek verejn\u00e9ho vodovodu 2025 - Region\u00e1lna vod\u00e1rensk\u00e1 spolo\u010dnos\u0165 Vl\u00e1ra - V\u00e1h<\/title>\n<meta name=\"robots\" content=\"index, follow, max-snippet:-1, max-image-preview:large, max-video-preview:-1\" \/>\n<link rel=\"canonical\" href=\"https:\/\/rvsvv.sk\/?page_id=2063\" \/>\n<meta property=\"og:locale\" content=\"sk_SK\" \/>\n<meta property=\"og:type\" content=\"article\" \/>\n<meta property=\"og:title\" content=\"V\u00fdsledky odobran\u00fdch vzoriek verejn\u00e9ho vodovodu 2025 - Region\u00e1lna vod\u00e1rensk\u00e1 spolo\u010dnos\u0165 Vl\u00e1ra - V\u00e1h\" \/>\n<meta property=\"og:description\" content=\"16900 Nemsova OM VV hydrant mladeznicka 16899,16900 odb Nemsova OM VV hydrant mladeznicka 16899 Nemsova OM VV hydrant mladeznicka 16517 Tr. Zavada [&hellip;]\" \/>\n<meta property=\"og:url\" content=\"https:\/\/rvsvv.sk\/?page_id=2063\" \/>\n<meta property=\"og:site_name\" content=\"Region\u00e1lna vod\u00e1rensk\u00e1 spolo\u010dnos\u0165 Vl\u00e1ra - V\u00e1h\" \/>\n<meta property=\"article:publisher\" content=\"https:\/\/www.facebook.com\/profile.php?id=61582484018422\" \/>\n<meta property=\"article:modified_time\" content=\"2026-01-20T08:56:40+00:00\" \/>\n<meta property=\"og:image\" content=\"https:\/\/rvsvv.sk\/wp-content\/uploads\/2025\/10\/IMG_0166.png\" \/>\n\t<meta property=\"og:image:width\" content=\"292\" \/>\n\t<meta property=\"og:image:height\" content=\"216\" \/>\n\t<meta property=\"og:image:type\" content=\"image\/png\" \/>\n<meta name=\"twitter:card\" content=\"summary_large_image\" \/>\n<meta name=\"twitter:label1\" content=\"Predpokladan\u00fd \u010das \u010d\u00edtania\" \/>\n\t<meta name=\"twitter:data1\" content=\"3 min\u00faty\" \/>\n<script type=\"application\/ld+json\" class=\"yoast-schema-graph\">{\"@context\":\"https:\\\/\\\/schema.org\",\"@graph\":[{\"@type\":\"WebPage\",\"@id\":\"https:\\\/\\\/rvsvv.sk\\\/?page_id=2063\",\"url\":\"https:\\\/\\\/rvsvv.sk\\\/?page_id=2063\",\"name\":\"V\u00fdsledky odobran\u00fdch vzoriek verejn\u00e9ho vodovodu 2025 - Region\u00e1lna vod\u00e1rensk\u00e1 spolo\u010dnos\u0165 Vl\u00e1ra - V\u00e1h\",\"isPartOf\":{\"@id\":\"https:\\\/\\\/rvsvv.sk\\\/#website\"},\"datePublished\":\"2025-03-03T11:32:14+00:00\",\"dateModified\":\"2026-01-20T08:56:40+00:00\",\"breadcrumb\":{\"@id\":\"https:\\\/\\\/rvsvv.sk\\\/?page_id=2063#breadcrumb\"},\"inLanguage\":\"sk-SK\",\"potentialAction\":[{\"@type\":\"ReadAction\",\"target\":[\"https:\\\/\\\/rvsvv.sk\\\/?page_id=2063\"]}]},{\"@type\":\"BreadcrumbList\",\"@id\":\"https:\\\/\\\/rvsvv.sk\\\/?page_id=2063#breadcrumb\",\"itemListElement\":[{\"@type\":\"ListItem\",\"position\":1,\"name\":\"Domovsk\u00e1 str\u00e1nka\",\"item\":\"https:\\\/\\\/rvsvv.sk\\\/\"},{\"@type\":\"ListItem\",\"position\":2,\"name\":\"V\u00fdsledky odobran\u00fdch vzoriek verejn\u00e9ho vodovodu 2025\"}]},{\"@type\":\"WebSite\",\"@id\":\"https:\\\/\\\/rvsvv.sk\\\/#website\",\"url\":\"https:\\\/\\\/rvsvv.sk\\\/\",\"name\":\"Region\u00e1lna vod\u00e1rensk\u00e1 spolo\u010dnos\u0165 Vl\u00e1ra - V\u00e1h\",\"description\":\"RVSVV\",\"publisher\":{\"@id\":\"https:\\\/\\\/rvsvv.sk\\\/#organization\"},\"alternateName\":\"RVSVV\",\"potentialAction\":[{\"@type\":\"SearchAction\",\"target\":{\"@type\":\"EntryPoint\",\"urlTemplate\":\"https:\\\/\\\/rvsvv.sk\\\/?s={search_term_string}\"},\"query-input\":{\"@type\":\"PropertyValueSpecification\",\"valueRequired\":true,\"valueName\":\"search_term_string\"}}],\"inLanguage\":\"sk-SK\"},{\"@type\":\"Organization\",\"@id\":\"https:\\\/\\\/rvsvv.sk\\\/#organization\",\"name\":\"Region\u00e1lna vod\u00e1rensk\u00e1 spolo\u010dnos\u0165 Vl\u00e1ra - V\u00e1h\",\"url\":\"https:\\\/\\\/rvsvv.sk\\\/\",\"logo\":{\"@type\":\"ImageObject\",\"inLanguage\":\"sk-SK\",\"@id\":\"https:\\\/\\\/rvsvv.sk\\\/#\\\/schema\\\/logo\\\/image\\\/\",\"url\":\"https:\\\/\\\/rvsvv.sk\\\/wp-content\\\/uploads\\\/2025\\\/10\\\/IMG_0166.png\",\"contentUrl\":\"https:\\\/\\\/rvsvv.sk\\\/wp-content\\\/uploads\\\/2025\\\/10\\\/IMG_0166.png\",\"width\":292,\"height\":216,\"caption\":\"Region\u00e1lna vod\u00e1rensk\u00e1 spolo\u010dnos\u0165 Vl\u00e1ra - V\u00e1h\"},\"image\":{\"@id\":\"https:\\\/\\\/rvsvv.sk\\\/#\\\/schema\\\/logo\\\/image\\\/\"},\"sameAs\":[\"https:\\\/\\\/www.facebook.com\\\/profile.php?id=61582484018422\"]}]}<\/script>\n<!-- \/ Yoast SEO plugin. -->","yoast_head_json":{"title":"V\u00fdsledky odobran\u00fdch vzoriek verejn\u00e9ho vodovodu 2025 - Region\u00e1lna vod\u00e1rensk\u00e1 spolo\u010dnos\u0165 Vl\u00e1ra - V\u00e1h","robots":{"index":"index","follow":"follow","max-snippet":"max-snippet:-1","max-image-preview":"max-image-preview:large","max-video-preview":"max-video-preview:-1"},"canonical":"https:\/\/rvsvv.sk\/?page_id=2063","og_locale":"sk_SK","og_type":"article","og_title":"V\u00fdsledky odobran\u00fdch vzoriek verejn\u00e9ho vodovodu 2025 - Region\u00e1lna vod\u00e1rensk\u00e1 spolo\u010dnos\u0165 Vl\u00e1ra - V\u00e1h","og_description":"16900 Nemsova OM VV hydrant mladeznicka 16899,16900 odb Nemsova OM VV hydrant mladeznicka 16899 Nemsova OM VV hydrant mladeznicka 16517 Tr. Zavada [&hellip;]","og_url":"https:\/\/rvsvv.sk\/?page_id=2063","og_site_name":"Region\u00e1lna vod\u00e1rensk\u00e1 spolo\u010dnos\u0165 Vl\u00e1ra - V\u00e1h","article_publisher":"https:\/\/www.facebook.com\/profile.php?id=61582484018422","article_modified_time":"2026-01-20T08:56:40+00:00","og_image":[{"width":292,"height":216,"url":"https:\/\/rvsvv.sk\/wp-content\/uploads\/2025\/10\/IMG_0166.png","type":"image\/png"}],"twitter_card":"summary_large_image","twitter_misc":{"Predpokladan\u00fd \u010das \u010d\u00edtania":"3 min\u00faty"},"schema":{"@context":"https:\/\/schema.org","@graph":[{"@type":"WebPage","@id":"https:\/\/rvsvv.sk\/?page_id=2063","url":"https:\/\/rvsvv.sk\/?page_id=2063","name":"V\u00fdsledky odobran\u00fdch vzoriek verejn\u00e9ho vodovodu 2025 - Region\u00e1lna vod\u00e1rensk\u00e1 spolo\u010dnos\u0165 Vl\u00e1ra - V\u00e1h","isPartOf":{"@id":"https:\/\/rvsvv.sk\/#website"},"datePublished":"2025-03-03T11:32:14+00:00","dateModified":"2026-01-20T08:56:40+00:00","breadcrumb":{"@id":"https:\/\/rvsvv.sk\/?page_id=2063#breadcrumb"},"inLanguage":"sk-SK","potentialAction":[{"@type":"ReadAction","target":["https:\/\/rvsvv.sk\/?page_id=2063"]}]},{"@type":"BreadcrumbList","@id":"https:\/\/rvsvv.sk\/?page_id=2063#breadcrumb","itemListElement":[{"@type":"ListItem","position":1,"name":"Domovsk\u00e1 str\u00e1nka","item":"https:\/\/rvsvv.sk\/"},{"@type":"ListItem","position":2,"name":"V\u00fdsledky odobran\u00fdch vzoriek verejn\u00e9ho vodovodu 2025"}]},{"@type":"WebSite","@id":"https:\/\/rvsvv.sk\/#website","url":"https:\/\/rvsvv.sk\/","name":"Region\u00e1lna vod\u00e1rensk\u00e1 spolo\u010dnos\u0165 Vl\u00e1ra - V\u00e1h","description":"RVSVV","publisher":{"@id":"https:\/\/rvsvv.sk\/#organization"},"alternateName":"RVSVV","potentialAction":[{"@type":"SearchAction","target":{"@type":"EntryPoint","urlTemplate":"https:\/\/rvsvv.sk\/?s={search_term_string}"},"query-input":{"@type":"PropertyValueSpecification","valueRequired":true,"valueName":"search_term_string"}}],"inLanguage":"sk-SK"},{"@type":"Organization","@id":"https:\/\/rvsvv.sk\/#organization","name":"Region\u00e1lna vod\u00e1rensk\u00e1 spolo\u010dnos\u0165 Vl\u00e1ra - V\u00e1h","url":"https:\/\/rvsvv.sk\/","logo":{"@type":"ImageObject","inLanguage":"sk-SK","@id":"https:\/\/rvsvv.sk\/#\/schema\/logo\/image\/","url":"https:\/\/rvsvv.sk\/wp-content\/uploads\/2025\/10\/IMG_0166.png","contentUrl":"https:\/\/rvsvv.sk\/wp-content\/uploads\/2025\/10\/IMG_0166.png","width":292,"height":216,"caption":"Region\u00e1lna vod\u00e1rensk\u00e1 spolo\u010dnos\u0165 Vl\u00e1ra - V\u00e1h"},"image":{"@id":"https:\/\/rvsvv.sk\/#\/schema\/logo\/image\/"},"sameAs":["https:\/\/www.facebook.com\/profile.php?id=61582484018422"]}]}},"_links":{"self":[{"href":"https:\/\/rvsvv.sk\/index.php?rest_route=\/wp\/v2\/pages\/2063","targetHints":{"allow":["GET"]}}],"collection":[{"href":"https:\/\/rvsvv.sk\/index.php?rest_route=\/wp\/v2\/pages"}],"about":[{"href":"https:\/\/rvsvv.sk\/index.php?rest_route=\/wp\/v2\/types\/page"}],"author":[{"embeddable":true,"href":"https:\/\/rvsvv.sk\/index.php?rest_route=\/wp\/v2\/users\/1"}],"replies":[{"embeddable":true,"href":"https:\/\/rvsvv.sk\/index.php?rest_route=%2Fwp%2Fv2%2Fcomments&post=2063"}],"version-history":[{"count":5,"href":"https:\/\/rvsvv.sk\/index.php?rest_route=\/wp\/v2\/pages\/2063\/revisions"}],"predecessor-version":[{"id":2283,"href":"https:\/\/rvsvv.sk\/index.php?rest_route=\/wp\/v2\/pages\/2063\/revisions\/2283"}],"wp:attachment":[{"href":"https:\/\/rvsvv.sk\/index.php?rest_route=%2Fwp%2Fv2%2Fmedia&parent=2063"}],"curies":[{"name":"wp","href":"https:\/\/api.w.org\/{rel}","templated":true}]}}