{"id":207,"date":"2017-10-24T16:35:44","date_gmt":"2017-10-24T14:35:44","guid":{"rendered":"http:\/\/rvsvv.sk\/?page_id=207"},"modified":"2018-10-24T16:34:09","modified_gmt":"2018-10-24T14:34:09","slug":"faktury-eng2","status":"publish","type":"page","link":"https:\/\/rvsvv.sk\/?page_id=207","title":{"rendered":"Fakt\u00fary Eng2"},"content":{"rendered":"<p><a href=\"http:\/\/rvsvv.sk\/wp-content\/uploads\/2017\/02\/fa-2016-173.pdf\">2016 &#8211; 173<\/a><\/p>\n<p><a href=\"http:\/\/rvsvv.sk\/wp-content\/uploads\/2017\/02\/Fa-2016-190.pdf\">2016 &#8211; 190<\/a><\/p>\n<p><a href=\"http:\/\/rvsvv.sk\/wp-content\/uploads\/2017\/10\/2017-016.pdf\">2017-016<\/a><\/p>\n<p><a href=\"http:\/\/rvsvv.sk\/wp-content\/uploads\/2017\/10\/2017-037.pdf\">2017-037<\/a><\/p>\n<p><a href=\"http:\/\/rvsvv.sk\/wp-content\/uploads\/2017\/10\/2017-052.pdf\">2017-052<\/a><\/p>\n<p><a href=\"http:\/\/rvsvv.sk\/wp-content\/uploads\/2017\/10\/2017-072.pdf\">2017-072<\/a><\/p>\n<p><a href=\"http:\/\/rvsvv.sk\/wp-content\/uploads\/2017\/10\/2017-091.pdf\">2017-091<\/a><\/p>\n<p><a href=\"http:\/\/rvsvv.sk\/wp-content\/uploads\/2017\/10\/2017-110.pdf\">2017-110<\/a><\/p>\n<p><a href=\"http:\/\/rvsvv.sk\/wp-content\/uploads\/2017\/10\/2107-131.pdf\">2107-131<\/a><\/p>\n<p><a href=\"http:\/\/rvsvv.sk\/wp-content\/uploads\/2018\/03\/2017-149-308-fa-ENG2.pdf\">2017-149<\/a><\/p>\n<p><a href=\"http:\/\/rvsvv.sk\/wp-content\/uploads\/2018\/03\/2017-170-ENG2.pdf\">2017-170\u00a0<\/a><\/p>\n<p><a href=\"http:\/\/rvsvv.sk\/wp-content\/uploads\/2018\/03\/2017-190-ENG2.pdf\">2017 &#8211; 190<\/a><\/p>\n<p><a href=\"http:\/\/rvsvv.sk\/wp-content\/uploads\/2018\/03\/2017-211-ENG2.pdf\">2017-211\u00a0<\/a><\/p>\n<p><a href=\"http:\/\/rvsvv.sk\/wp-content\/uploads\/2018\/03\/2017-236-ENG2.pdf\">2017-236\u00a0<\/a><\/p>\n<p><a href=\"https:\/\/rvsvv.sk\/wp-content\/uploads\/2018\/10\/2018-026.pdf\">2018-026<\/a><\/p>\n<p><a href=\"https:\/\/rvsvv.sk\/wp-content\/uploads\/2018\/10\/2018-054.pdf\">2018-054<\/a><\/p>\n<p>&nbsp;<\/p>\n","protected":false},"excerpt":{"rendered":"<p>2016 &#8211; 173 2016 &#8211; 190 2017-016 2017-037 2017-052 2017-072 2017-091 2017-110 2107-131 2017-149 2017-170\u00a0 2017 &#8211; 190 2017-211\u00a0 2017-236\u00a0 2018-026 2018-054 [&hellip;]<\/p>\n","protected":false},"author":1,"featured_media":0,"parent":199,"menu_order":0,"comment_status":"closed","ping_status":"closed","template":"page-templates\/page_fullwidth.php","meta":{"_acf_changed":false,"_monsterinsights_skip_tracking":false,"_monsterinsights_sitenote_active":false,"_monsterinsights_sitenote_note":"","_monsterinsights_sitenote_category":0,"footnotes":""},"class_list":["post-207","page","type-page","status-publish","hentry"],"acf":[],"yoast_head":"<!-- This site is optimized with the Yoast SEO plugin v27.5 - https:\/\/yoast.com\/product\/yoast-seo-wordpress\/ -->\n<title>Fakt\u00fary Eng2 - Region\u00e1lna vod\u00e1rensk\u00e1 spolo\u010dnos\u0165 Vl\u00e1ra - V\u00e1h<\/title>\n<meta name=\"robots\" content=\"index, follow, max-snippet:-1, max-image-preview:large, max-video-preview:-1\" \/>\n<link rel=\"canonical\" href=\"https:\/\/rvsvv.sk\/?page_id=207\" \/>\n<meta property=\"og:locale\" content=\"sk_SK\" \/>\n<meta property=\"og:type\" content=\"article\" \/>\n<meta property=\"og:title\" content=\"Fakt\u00fary Eng2 - Region\u00e1lna vod\u00e1rensk\u00e1 spolo\u010dnos\u0165 Vl\u00e1ra - V\u00e1h\" \/>\n<meta property=\"og:description\" content=\"2016 &#8211; 173 2016 &#8211; 190 2017-016 2017-037 2017-052 2017-072 2017-091 2017-110 2107-131 2017-149 2017-170\u00a0 2017 &#8211; 190 2017-211\u00a0 2017-236\u00a0 2018-026 2018-054 [&hellip;]\" \/>\n<meta property=\"og:url\" content=\"https:\/\/rvsvv.sk\/?page_id=207\" \/>\n<meta property=\"og:site_name\" content=\"Region\u00e1lna vod\u00e1rensk\u00e1 spolo\u010dnos\u0165 Vl\u00e1ra - V\u00e1h\" \/>\n<meta property=\"article:publisher\" content=\"https:\/\/www.facebook.com\/profile.php?id=61582484018422\" \/>\n<meta property=\"article:modified_time\" content=\"2018-10-24T14:34:09+00:00\" \/>\n<meta property=\"og:image\" content=\"https:\/\/rvsvv.sk\/wp-content\/uploads\/2025\/10\/IMG_0166.png\" \/>\n\t<meta property=\"og:image:width\" content=\"292\" \/>\n\t<meta property=\"og:image:height\" content=\"216\" \/>\n\t<meta property=\"og:image:type\" content=\"image\/png\" \/>\n<meta name=\"twitter:card\" content=\"summary_large_image\" \/>\n<script type=\"application\/ld+json\" class=\"yoast-schema-graph\">{\"@context\":\"https:\\\/\\\/schema.org\",\"@graph\":[{\"@type\":\"WebPage\",\"@id\":\"https:\\\/\\\/rvsvv.sk\\\/?page_id=207\",\"url\":\"https:\\\/\\\/rvsvv.sk\\\/?page_id=207\",\"name\":\"Fakt\u00fary Eng2 - Region\u00e1lna vod\u00e1rensk\u00e1 spolo\u010dnos\u0165 Vl\u00e1ra - V\u00e1h\",\"isPartOf\":{\"@id\":\"https:\\\/\\\/rvsvv.sk\\\/#website\"},\"datePublished\":\"2017-10-24T14:35:44+00:00\",\"dateModified\":\"2018-10-24T14:34:09+00:00\",\"breadcrumb\":{\"@id\":\"https:\\\/\\\/rvsvv.sk\\\/?page_id=207#breadcrumb\"},\"inLanguage\":\"sk-SK\",\"potentialAction\":[{\"@type\":\"ReadAction\",\"target\":[\"https:\\\/\\\/rvsvv.sk\\\/?page_id=207\"]}]},{\"@type\":\"BreadcrumbList\",\"@id\":\"https:\\\/\\\/rvsvv.sk\\\/?page_id=207#breadcrumb\",\"itemListElement\":[{\"@type\":\"ListItem\",\"position\":1,\"name\":\"Domovsk\u00e1 str\u00e1nka\",\"item\":\"https:\\\/\\\/rvsvv.sk\\\/\"},{\"@type\":\"ListItem\",\"position\":2,\"name\":\"Projekt &#8222;Odkanalizovanie mikroregi\u00f3nu Vl\u00e1ra-V\u00e1h a intenzifik\u00e1cia \u010cOV Nem\u0161ov\u00e1\",\"item\":\"https:\\\/\\\/rvsvv.sk\\\/?page_id=40\"},{\"@type\":\"ListItem\",\"position\":3,\"name\":\"Eng2\",\"item\":\"https:\\\/\\\/rvsvv.sk\\\/?page_id=199\"},{\"@type\":\"ListItem\",\"position\":4,\"name\":\"Fakt\u00fary Eng2\"}]},{\"@type\":\"WebSite\",\"@id\":\"https:\\\/\\\/rvsvv.sk\\\/#website\",\"url\":\"https:\\\/\\\/rvsvv.sk\\\/\",\"name\":\"Region\u00e1lna vod\u00e1rensk\u00e1 spolo\u010dnos\u0165 Vl\u00e1ra - V\u00e1h\",\"description\":\"RVSVV\",\"publisher\":{\"@id\":\"https:\\\/\\\/rvsvv.sk\\\/#organization\"},\"alternateName\":\"RVSVV\",\"potentialAction\":[{\"@type\":\"SearchAction\",\"target\":{\"@type\":\"EntryPoint\",\"urlTemplate\":\"https:\\\/\\\/rvsvv.sk\\\/?s={search_term_string}\"},\"query-input\":{\"@type\":\"PropertyValueSpecification\",\"valueRequired\":true,\"valueName\":\"search_term_string\"}}],\"inLanguage\":\"sk-SK\"},{\"@type\":\"Organization\",\"@id\":\"https:\\\/\\\/rvsvv.sk\\\/#organization\",\"name\":\"Region\u00e1lna vod\u00e1rensk\u00e1 spolo\u010dnos\u0165 Vl\u00e1ra - V\u00e1h\",\"url\":\"https:\\\/\\\/rvsvv.sk\\\/\",\"logo\":{\"@type\":\"ImageObject\",\"inLanguage\":\"sk-SK\",\"@id\":\"https:\\\/\\\/rvsvv.sk\\\/#\\\/schema\\\/logo\\\/image\\\/\",\"url\":\"https:\\\/\\\/rvsvv.sk\\\/wp-content\\\/uploads\\\/2025\\\/10\\\/IMG_0166.png\",\"contentUrl\":\"https:\\\/\\\/rvsvv.sk\\\/wp-content\\\/uploads\\\/2025\\\/10\\\/IMG_0166.png\",\"width\":292,\"height\":216,\"caption\":\"Region\u00e1lna vod\u00e1rensk\u00e1 spolo\u010dnos\u0165 Vl\u00e1ra - V\u00e1h\"},\"image\":{\"@id\":\"https:\\\/\\\/rvsvv.sk\\\/#\\\/schema\\\/logo\\\/image\\\/\"},\"sameAs\":[\"https:\\\/\\\/www.facebook.com\\\/profile.php?id=61582484018422\"]}]}<\/script>\n<!-- \/ Yoast SEO plugin. -->","yoast_head_json":{"title":"Fakt\u00fary Eng2 - Region\u00e1lna vod\u00e1rensk\u00e1 spolo\u010dnos\u0165 Vl\u00e1ra - V\u00e1h","robots":{"index":"index","follow":"follow","max-snippet":"max-snippet:-1","max-image-preview":"max-image-preview:large","max-video-preview":"max-video-preview:-1"},"canonical":"https:\/\/rvsvv.sk\/?page_id=207","og_locale":"sk_SK","og_type":"article","og_title":"Fakt\u00fary Eng2 - Region\u00e1lna vod\u00e1rensk\u00e1 spolo\u010dnos\u0165 Vl\u00e1ra - V\u00e1h","og_description":"2016 &#8211; 173 2016 &#8211; 190 2017-016 2017-037 2017-052 2017-072 2017-091 2017-110 2107-131 2017-149 2017-170\u00a0 2017 &#8211; 190 2017-211\u00a0 2017-236\u00a0 2018-026 2018-054 [&hellip;]","og_url":"https:\/\/rvsvv.sk\/?page_id=207","og_site_name":"Region\u00e1lna vod\u00e1rensk\u00e1 spolo\u010dnos\u0165 Vl\u00e1ra - V\u00e1h","article_publisher":"https:\/\/www.facebook.com\/profile.php?id=61582484018422","article_modified_time":"2018-10-24T14:34:09+00:00","og_image":[{"width":292,"height":216,"url":"https:\/\/rvsvv.sk\/wp-content\/uploads\/2025\/10\/IMG_0166.png","type":"image\/png"}],"twitter_card":"summary_large_image","schema":{"@context":"https:\/\/schema.org","@graph":[{"@type":"WebPage","@id":"https:\/\/rvsvv.sk\/?page_id=207","url":"https:\/\/rvsvv.sk\/?page_id=207","name":"Fakt\u00fary Eng2 - Region\u00e1lna vod\u00e1rensk\u00e1 spolo\u010dnos\u0165 Vl\u00e1ra - V\u00e1h","isPartOf":{"@id":"https:\/\/rvsvv.sk\/#website"},"datePublished":"2017-10-24T14:35:44+00:00","dateModified":"2018-10-24T14:34:09+00:00","breadcrumb":{"@id":"https:\/\/rvsvv.sk\/?page_id=207#breadcrumb"},"inLanguage":"sk-SK","potentialAction":[{"@type":"ReadAction","target":["https:\/\/rvsvv.sk\/?page_id=207"]}]},{"@type":"BreadcrumbList","@id":"https:\/\/rvsvv.sk\/?page_id=207#breadcrumb","itemListElement":[{"@type":"ListItem","position":1,"name":"Domovsk\u00e1 str\u00e1nka","item":"https:\/\/rvsvv.sk\/"},{"@type":"ListItem","position":2,"name":"Projekt &#8222;Odkanalizovanie mikroregi\u00f3nu Vl\u00e1ra-V\u00e1h a intenzifik\u00e1cia \u010cOV Nem\u0161ov\u00e1","item":"https:\/\/rvsvv.sk\/?page_id=40"},{"@type":"ListItem","position":3,"name":"Eng2","item":"https:\/\/rvsvv.sk\/?page_id=199"},{"@type":"ListItem","position":4,"name":"Fakt\u00fary Eng2"}]},{"@type":"WebSite","@id":"https:\/\/rvsvv.sk\/#website","url":"https:\/\/rvsvv.sk\/","name":"Region\u00e1lna vod\u00e1rensk\u00e1 spolo\u010dnos\u0165 Vl\u00e1ra - V\u00e1h","description":"RVSVV","publisher":{"@id":"https:\/\/rvsvv.sk\/#organization"},"alternateName":"RVSVV","potentialAction":[{"@type":"SearchAction","target":{"@type":"EntryPoint","urlTemplate":"https:\/\/rvsvv.sk\/?s={search_term_string}"},"query-input":{"@type":"PropertyValueSpecification","valueRequired":true,"valueName":"search_term_string"}}],"inLanguage":"sk-SK"},{"@type":"Organization","@id":"https:\/\/rvsvv.sk\/#organization","name":"Region\u00e1lna vod\u00e1rensk\u00e1 spolo\u010dnos\u0165 Vl\u00e1ra - V\u00e1h","url":"https:\/\/rvsvv.sk\/","logo":{"@type":"ImageObject","inLanguage":"sk-SK","@id":"https:\/\/rvsvv.sk\/#\/schema\/logo\/image\/","url":"https:\/\/rvsvv.sk\/wp-content\/uploads\/2025\/10\/IMG_0166.png","contentUrl":"https:\/\/rvsvv.sk\/wp-content\/uploads\/2025\/10\/IMG_0166.png","width":292,"height":216,"caption":"Region\u00e1lna vod\u00e1rensk\u00e1 spolo\u010dnos\u0165 Vl\u00e1ra - V\u00e1h"},"image":{"@id":"https:\/\/rvsvv.sk\/#\/schema\/logo\/image\/"},"sameAs":["https:\/\/www.facebook.com\/profile.php?id=61582484018422"]}]}},"_links":{"self":[{"href":"https:\/\/rvsvv.sk\/index.php?rest_route=\/wp\/v2\/pages\/207","targetHints":{"allow":["GET"]}}],"collection":[{"href":"https:\/\/rvsvv.sk\/index.php?rest_route=\/wp\/v2\/pages"}],"about":[{"href":"https:\/\/rvsvv.sk\/index.php?rest_route=\/wp\/v2\/types\/page"}],"author":[{"embeddable":true,"href":"https:\/\/rvsvv.sk\/index.php?rest_route=\/wp\/v2\/users\/1"}],"replies":[{"embeddable":true,"href":"https:\/\/rvsvv.sk\/index.php?rest_route=%2Fwp%2Fv2%2Fcomments&post=207"}],"version-history":[{"count":6,"href":"https:\/\/rvsvv.sk\/index.php?rest_route=\/wp\/v2\/pages\/207\/revisions"}],"predecessor-version":[{"id":645,"href":"https:\/\/rvsvv.sk\/index.php?rest_route=\/wp\/v2\/pages\/207\/revisions\/645"}],"up":[{"embeddable":true,"href":"https:\/\/rvsvv.sk\/index.php?rest_route=\/wp\/v2\/pages\/199"}],"wp:attachment":[{"href":"https:\/\/rvsvv.sk\/index.php?rest_route=%2Fwp%2Fv2%2Fmedia&parent=207"}],"curies":[{"name":"wp","href":"https:\/\/api.w.org\/{rel}","templated":true}]}}