{"id":26,"date":"2021-01-20T13:37:13","date_gmt":"2021-01-20T12:37:13","guid":{"rendered":"http:\/\/rvsvv.sk\/?page_id=26"},"modified":"2026-01-27T15:15:20","modified_gmt":"2026-01-27T14:15:20","slug":"cennik","status":"publish","type":"page","link":"https:\/\/rvsvv.sk\/?page_id=26","title":{"rendered":"Cenn\u00edk"},"content":{"rendered":"<p><a href=\"https:\/\/rvsvv.sk\/?attachment_id=2285\" rel=\"attachment wp-att-1693\"><img loading=\"lazy\" decoding=\"async\" class=\"aligncenter wp-image-2285 size-large\" src=\"https:\/\/rvsvv.sk\/wp-content\/uploads\/2026\/01\/Cennik-2026-836x1024.jpg\" alt=\"\" width=\"836\" height=\"1024\" srcset=\"https:\/\/rvsvv.sk\/wp-content\/uploads\/2026\/01\/Cennik-2026-836x1024.jpg 836w, https:\/\/rvsvv.sk\/wp-content\/uploads\/2026\/01\/Cennik-2026-245x300.jpg 245w, https:\/\/rvsvv.sk\/wp-content\/uploads\/2026\/01\/Cennik-2026-768x941.jpg 768w, https:\/\/rvsvv.sk\/wp-content\/uploads\/2026\/01\/Cennik-2026-1253x1536.jpg 1253w, https:\/\/rvsvv.sk\/wp-content\/uploads\/2026\/01\/Cennik-2026-1000x1226.jpg 1000w, https:\/\/rvsvv.sk\/wp-content\/uploads\/2026\/01\/Cennik-2026-230x282.jpg 230w, https:\/\/rvsvv.sk\/wp-content\/uploads\/2026\/01\/Cennik-2026-350x429.jpg 350w, https:\/\/rvsvv.sk\/wp-content\/uploads\/2026\/01\/Cennik-2026-480x588.jpg 480w, https:\/\/rvsvv.sk\/wp-content\/uploads\/2026\/01\/Cennik-2026.jpg 1432w\" sizes=\"auto, (max-width: 836px) 100vw, 836px\" \/><\/a><\/p>\n","protected":false},"excerpt":{"rendered":"","protected":false},"author":1,"featured_media":1665,"parent":0,"menu_order":0,"comment_status":"closed","ping_status":"closed","template":"page-templates\/page_fullwidth.php","meta":{"_acf_changed":false,"_monsterinsights_skip_tracking":false,"_monsterinsights_sitenote_active":false,"_monsterinsights_sitenote_note":"","_monsterinsights_sitenote_category":0,"footnotes":""},"class_list":["post-26","page","type-page","status-publish","has-post-thumbnail","hentry"],"acf":[],"yoast_head":"<!-- This site is optimized with the Yoast SEO plugin v27.5 - https:\/\/yoast.com\/product\/yoast-seo-wordpress\/ -->\n<title>Cenn\u00edk - Region\u00e1lna vod\u00e1rensk\u00e1 spolo\u010dnos\u0165 Vl\u00e1ra - V\u00e1h<\/title>\n<meta name=\"robots\" content=\"index, follow, max-snippet:-1, max-image-preview:large, max-video-preview:-1\" \/>\n<link rel=\"canonical\" href=\"https:\/\/rvsvv.sk\/?page_id=26\" \/>\n<meta property=\"og:locale\" content=\"sk_SK\" \/>\n<meta property=\"og:type\" content=\"article\" \/>\n<meta property=\"og:title\" content=\"Cenn\u00edk - Region\u00e1lna vod\u00e1rensk\u00e1 spolo\u010dnos\u0165 Vl\u00e1ra - V\u00e1h\" \/>\n<meta property=\"og:url\" content=\"https:\/\/rvsvv.sk\/?page_id=26\" \/>\n<meta property=\"og:site_name\" content=\"Region\u00e1lna vod\u00e1rensk\u00e1 spolo\u010dnos\u0165 Vl\u00e1ra - V\u00e1h\" \/>\n<meta property=\"article:publisher\" content=\"https:\/\/www.facebook.com\/profile.php?id=61582484018422\" \/>\n<meta property=\"article:modified_time\" content=\"2026-01-27T14:15:20+00:00\" \/>\n<meta property=\"og:image\" content=\"https:\/\/rvsvv.sk\/wp-content\/uploads\/2023\/04\/Cennik-2023.png\" \/>\n\t<meta property=\"og:image:width\" content=\"3009\" \/>\n\t<meta property=\"og:image:height\" content=\"3035\" \/>\n\t<meta property=\"og:image:type\" content=\"image\/png\" \/>\n<meta name=\"twitter:card\" content=\"summary_large_image\" \/>\n<meta name=\"twitter:label1\" content=\"Predpokladan\u00fd \u010das \u010d\u00edtania\" \/>\n\t<meta name=\"twitter:data1\" content=\"1 min\u00fata\" \/>\n<script type=\"application\/ld+json\" class=\"yoast-schema-graph\">{\"@context\":\"https:\\\/\\\/schema.org\",\"@graph\":[{\"@type\":\"WebPage\",\"@id\":\"https:\\\/\\\/rvsvv.sk\\\/?page_id=26\",\"url\":\"https:\\\/\\\/rvsvv.sk\\\/?page_id=26\",\"name\":\"Cenn\u00edk - Region\u00e1lna vod\u00e1rensk\u00e1 spolo\u010dnos\u0165 Vl\u00e1ra - V\u00e1h\",\"isPartOf\":{\"@id\":\"https:\\\/\\\/rvsvv.sk\\\/#website\"},\"primaryImageOfPage\":{\"@id\":\"https:\\\/\\\/rvsvv.sk\\\/?page_id=26#primaryimage\"},\"image\":{\"@id\":\"https:\\\/\\\/rvsvv.sk\\\/?page_id=26#primaryimage\"},\"thumbnailUrl\":\"https:\\\/\\\/rvsvv.sk\\\/wp-content\\\/uploads\\\/2023\\\/04\\\/Cennik-2023.png\",\"datePublished\":\"2021-01-20T12:37:13+00:00\",\"dateModified\":\"2026-01-27T14:15:20+00:00\",\"breadcrumb\":{\"@id\":\"https:\\\/\\\/rvsvv.sk\\\/?page_id=26#breadcrumb\"},\"inLanguage\":\"sk-SK\",\"potentialAction\":[{\"@type\":\"ReadAction\",\"target\":[\"https:\\\/\\\/rvsvv.sk\\\/?page_id=26\"]}]},{\"@type\":\"ImageObject\",\"inLanguage\":\"sk-SK\",\"@id\":\"https:\\\/\\\/rvsvv.sk\\\/?page_id=26#primaryimage\",\"url\":\"https:\\\/\\\/rvsvv.sk\\\/wp-content\\\/uploads\\\/2023\\\/04\\\/Cennik-2023.png\",\"contentUrl\":\"https:\\\/\\\/rvsvv.sk\\\/wp-content\\\/uploads\\\/2023\\\/04\\\/Cennik-2023.png\",\"width\":3009,\"height\":3035},{\"@type\":\"BreadcrumbList\",\"@id\":\"https:\\\/\\\/rvsvv.sk\\\/?page_id=26#breadcrumb\",\"itemListElement\":[{\"@type\":\"ListItem\",\"position\":1,\"name\":\"Domovsk\u00e1 str\u00e1nka\",\"item\":\"https:\\\/\\\/rvsvv.sk\\\/\"},{\"@type\":\"ListItem\",\"position\":2,\"name\":\"Cenn\u00edk\"}]},{\"@type\":\"WebSite\",\"@id\":\"https:\\\/\\\/rvsvv.sk\\\/#website\",\"url\":\"https:\\\/\\\/rvsvv.sk\\\/\",\"name\":\"Region\u00e1lna vod\u00e1rensk\u00e1 spolo\u010dnos\u0165 Vl\u00e1ra - V\u00e1h\",\"description\":\"RVSVV\",\"publisher\":{\"@id\":\"https:\\\/\\\/rvsvv.sk\\\/#organization\"},\"alternateName\":\"RVSVV\",\"potentialAction\":[{\"@type\":\"SearchAction\",\"target\":{\"@type\":\"EntryPoint\",\"urlTemplate\":\"https:\\\/\\\/rvsvv.sk\\\/?s={search_term_string}\"},\"query-input\":{\"@type\":\"PropertyValueSpecification\",\"valueRequired\":true,\"valueName\":\"search_term_string\"}}],\"inLanguage\":\"sk-SK\"},{\"@type\":\"Organization\",\"@id\":\"https:\\\/\\\/rvsvv.sk\\\/#organization\",\"name\":\"Region\u00e1lna vod\u00e1rensk\u00e1 spolo\u010dnos\u0165 Vl\u00e1ra - V\u00e1h\",\"url\":\"https:\\\/\\\/rvsvv.sk\\\/\",\"logo\":{\"@type\":\"ImageObject\",\"inLanguage\":\"sk-SK\",\"@id\":\"https:\\\/\\\/rvsvv.sk\\\/#\\\/schema\\\/logo\\\/image\\\/\",\"url\":\"https:\\\/\\\/rvsvv.sk\\\/wp-content\\\/uploads\\\/2025\\\/10\\\/IMG_0166.png\",\"contentUrl\":\"https:\\\/\\\/rvsvv.sk\\\/wp-content\\\/uploads\\\/2025\\\/10\\\/IMG_0166.png\",\"width\":292,\"height\":216,\"caption\":\"Region\u00e1lna vod\u00e1rensk\u00e1 spolo\u010dnos\u0165 Vl\u00e1ra - V\u00e1h\"},\"image\":{\"@id\":\"https:\\\/\\\/rvsvv.sk\\\/#\\\/schema\\\/logo\\\/image\\\/\"},\"sameAs\":[\"https:\\\/\\\/www.facebook.com\\\/profile.php?id=61582484018422\"]}]}<\/script>\n<!-- \/ Yoast SEO plugin. -->","yoast_head_json":{"title":"Cenn\u00edk - Region\u00e1lna vod\u00e1rensk\u00e1 spolo\u010dnos\u0165 Vl\u00e1ra - V\u00e1h","robots":{"index":"index","follow":"follow","max-snippet":"max-snippet:-1","max-image-preview":"max-image-preview:large","max-video-preview":"max-video-preview:-1"},"canonical":"https:\/\/rvsvv.sk\/?page_id=26","og_locale":"sk_SK","og_type":"article","og_title":"Cenn\u00edk - Region\u00e1lna vod\u00e1rensk\u00e1 spolo\u010dnos\u0165 Vl\u00e1ra - V\u00e1h","og_url":"https:\/\/rvsvv.sk\/?page_id=26","og_site_name":"Region\u00e1lna vod\u00e1rensk\u00e1 spolo\u010dnos\u0165 Vl\u00e1ra - V\u00e1h","article_publisher":"https:\/\/www.facebook.com\/profile.php?id=61582484018422","article_modified_time":"2026-01-27T14:15:20+00:00","og_image":[{"width":3009,"height":3035,"url":"https:\/\/rvsvv.sk\/wp-content\/uploads\/2023\/04\/Cennik-2023.png","type":"image\/png"}],"twitter_card":"summary_large_image","twitter_misc":{"Predpokladan\u00fd \u010das \u010d\u00edtania":"1 min\u00fata"},"schema":{"@context":"https:\/\/schema.org","@graph":[{"@type":"WebPage","@id":"https:\/\/rvsvv.sk\/?page_id=26","url":"https:\/\/rvsvv.sk\/?page_id=26","name":"Cenn\u00edk - Region\u00e1lna vod\u00e1rensk\u00e1 spolo\u010dnos\u0165 Vl\u00e1ra - V\u00e1h","isPartOf":{"@id":"https:\/\/rvsvv.sk\/#website"},"primaryImageOfPage":{"@id":"https:\/\/rvsvv.sk\/?page_id=26#primaryimage"},"image":{"@id":"https:\/\/rvsvv.sk\/?page_id=26#primaryimage"},"thumbnailUrl":"https:\/\/rvsvv.sk\/wp-content\/uploads\/2023\/04\/Cennik-2023.png","datePublished":"2021-01-20T12:37:13+00:00","dateModified":"2026-01-27T14:15:20+00:00","breadcrumb":{"@id":"https:\/\/rvsvv.sk\/?page_id=26#breadcrumb"},"inLanguage":"sk-SK","potentialAction":[{"@type":"ReadAction","target":["https:\/\/rvsvv.sk\/?page_id=26"]}]},{"@type":"ImageObject","inLanguage":"sk-SK","@id":"https:\/\/rvsvv.sk\/?page_id=26#primaryimage","url":"https:\/\/rvsvv.sk\/wp-content\/uploads\/2023\/04\/Cennik-2023.png","contentUrl":"https:\/\/rvsvv.sk\/wp-content\/uploads\/2023\/04\/Cennik-2023.png","width":3009,"height":3035},{"@type":"BreadcrumbList","@id":"https:\/\/rvsvv.sk\/?page_id=26#breadcrumb","itemListElement":[{"@type":"ListItem","position":1,"name":"Domovsk\u00e1 str\u00e1nka","item":"https:\/\/rvsvv.sk\/"},{"@type":"ListItem","position":2,"name":"Cenn\u00edk"}]},{"@type":"WebSite","@id":"https:\/\/rvsvv.sk\/#website","url":"https:\/\/rvsvv.sk\/","name":"Region\u00e1lna vod\u00e1rensk\u00e1 spolo\u010dnos\u0165 Vl\u00e1ra - V\u00e1h","description":"RVSVV","publisher":{"@id":"https:\/\/rvsvv.sk\/#organization"},"alternateName":"RVSVV","potentialAction":[{"@type":"SearchAction","target":{"@type":"EntryPoint","urlTemplate":"https:\/\/rvsvv.sk\/?s={search_term_string}"},"query-input":{"@type":"PropertyValueSpecification","valueRequired":true,"valueName":"search_term_string"}}],"inLanguage":"sk-SK"},{"@type":"Organization","@id":"https:\/\/rvsvv.sk\/#organization","name":"Region\u00e1lna vod\u00e1rensk\u00e1 spolo\u010dnos\u0165 Vl\u00e1ra - V\u00e1h","url":"https:\/\/rvsvv.sk\/","logo":{"@type":"ImageObject","inLanguage":"sk-SK","@id":"https:\/\/rvsvv.sk\/#\/schema\/logo\/image\/","url":"https:\/\/rvsvv.sk\/wp-content\/uploads\/2025\/10\/IMG_0166.png","contentUrl":"https:\/\/rvsvv.sk\/wp-content\/uploads\/2025\/10\/IMG_0166.png","width":292,"height":216,"caption":"Region\u00e1lna vod\u00e1rensk\u00e1 spolo\u010dnos\u0165 Vl\u00e1ra - V\u00e1h"},"image":{"@id":"https:\/\/rvsvv.sk\/#\/schema\/logo\/image\/"},"sameAs":["https:\/\/www.facebook.com\/profile.php?id=61582484018422"]}]}},"_links":{"self":[{"href":"https:\/\/rvsvv.sk\/index.php?rest_route=\/wp\/v2\/pages\/26","targetHints":{"allow":["GET"]}}],"collection":[{"href":"https:\/\/rvsvv.sk\/index.php?rest_route=\/wp\/v2\/pages"}],"about":[{"href":"https:\/\/rvsvv.sk\/index.php?rest_route=\/wp\/v2\/types\/page"}],"author":[{"embeddable":true,"href":"https:\/\/rvsvv.sk\/index.php?rest_route=\/wp\/v2\/users\/1"}],"replies":[{"embeddable":true,"href":"https:\/\/rvsvv.sk\/index.php?rest_route=%2Fwp%2Fv2%2Fcomments&post=26"}],"version-history":[{"count":6,"href":"https:\/\/rvsvv.sk\/index.php?rest_route=\/wp\/v2\/pages\/26\/revisions"}],"predecessor-version":[{"id":2286,"href":"https:\/\/rvsvv.sk\/index.php?rest_route=\/wp\/v2\/pages\/26\/revisions\/2286"}],"wp:featuredmedia":[{"embeddable":true,"href":"https:\/\/rvsvv.sk\/index.php?rest_route=\/wp\/v2\/media\/1665"}],"wp:attachment":[{"href":"https:\/\/rvsvv.sk\/index.php?rest_route=%2Fwp%2Fv2%2Fmedia&parent=26"}],"curies":[{"name":"wp","href":"https:\/\/api.w.org\/{rel}","templated":true}]}}