{"id":32,"date":"2017-01-29T13:38:06","date_gmt":"2017-01-29T12:38:06","guid":{"rendered":"http:\/\/rvsvv.sk\/?page_id=32"},"modified":"2025-10-22T11:14:36","modified_gmt":"2025-10-22T09:14:36","slug":"na-stiahnutie","status":"publish","type":"page","link":"https:\/\/rvsvv.sk\/?page_id=32","title":{"rendered":"Na stiahnutie"},"content":{"rendered":"<p><a href=\"https:\/\/rvsvv.sk\/wp-content\/uploads\/2025\/10\/RVSVV_Ziadost_o_vydanie_zavazneho-vyjadrenia.pdf\">\u017diados\u0165 o vydanie z\u00e1v\u00e4zn\u00e9ho vyjadrenia dotknutej pr\u00e1vnickej osoby pod\u013ea \u00a7 22 Stavebn\u00e9ho z\u00e1kona<\/a><\/p>\n<p><a href=\"https:\/\/rvsvv.sk\/wp-content\/uploads\/2025\/10\/RVSVV_ziadost_o-vydanie-dolozky_suladu_k-_projektu.pdf\">\u017diados\u0165 o vydanie dolo\u017eky s\u00faladu k projektu stavby dotknutej pr\u00e1vnickej osoby pod\u013ea \u00a7 22 Stavebn\u00e9ho z\u00e1kona<\/a><\/p>\n<p><a href=\"https:\/\/rvsvv.sk\/wp-content\/uploads\/2025\/10\/RVSVV-ziadost-o-info-k-existencii-VV-a-VK.pdf\">\u017diados\u0165 o inform\u00e1cie k existenci\u00ed in\u017einierskych sieti \u2013 verejn\u00fd vodovod a verejn\u00e1 kanaliz\u00e1cia\u00a0<\/a><\/p>\n<p><a href=\"https:\/\/rvsvv.sk\/wp-content\/uploads\/2025\/10\/RVSVV-ziadost-o-vytycenie-sieti-VV-a-VK.pdf\">\u017diados\u0165 o vyt\u00fd\u010denie in\u017einierskych sieti \u2013 verejn\u00fd vodovod a verejn\u00e1 kanaliz\u00e1cia<\/a>\u00a0<\/p>\n<p><a href=\"http:\/\/rvsvv.sk\/wp-content\/uploads\/2017\/02\/\u017diadost-o-pripojenie-nehnute\u013enosti.pdf\">\u017diados\u0165 o pripojenie nehnute\u013enosti na verejn\u00fd vodovod &#8211; verejn\u00fa kanaliz\u00e1ciu<\/a><\/p>\n<p><a href=\"https:\/\/rvsvv.sk\/wp-content\/uploads\/2018\/11\/\u017eiados\u0165-o-pripojenie-na-VK.pdf\">\u017diados\u0165 o pripojenie nehnute\u013enosti na verejn\u00fa kanaliz\u00e1ciu<\/a><\/p>\n<p><a href=\"http:\/\/rvsvv.sk\/wp-content\/uploads\/2017\/02\/\u017diadost-o-mont\u00e1\u017e-vodomeru.pdf\">\u017diados\u0165 o mont\u00e1\u017e vodomeru<\/a><\/p>\n<p><a href=\"https:\/\/rvsvv.sk\/wp-content\/uploads\/2024\/08\/ziadost-o-zmenu-odberatela.pdf\">\u017diados\u0165 o zmenu odberate\u013ea<\/a><\/p>\n<p><a href=\"http:\/\/rvsvv.sk\/wp-content\/uploads\/2017\/02\/\u017diados\u0165-o-ukon\u010denie-odberu.pdf\">\u017diados\u0165 o ukon\u010denie odberu<\/a><\/p>\n<p><a href=\"http:\/\/rvsvv.sk\/wp-content\/uploads\/2017\/02\/Dotazn\u00edk-pre-ur\u010denie-mno\u017estva-odpadov\u00fdch-v\u00f4d-do-verejnej-kanaliz\u00e1cie.pdf\">Dotazn\u00edk pre ur\u010denie mno\u017estva vyp\u00fa\u0161\u0165an\u00fdch odpadov\u00fdch v\u00f4d do verejnej kanaliz\u00e1cie<\/a><\/p>\n<p><a href=\"https:\/\/rvsvv.sk\/wp-content\/uploads\/2018\/11\/RVSVV-metodick\u00e1-pr\u00edru\u010dka.pdf\">Metodick\u00e1 pr\u00edru\u010dka pre napojenie nehnute\u013enost\u00ed na verejn\u00fa kanaliz\u00e1ciu<\/a><\/p>\n\n\n<p><\/p>\n","protected":false},"excerpt":{"rendered":"<p>\u017diados\u0165 o vydanie z\u00e1v\u00e4zn\u00e9ho vyjadrenia dotknutej pr\u00e1vnickej osoby pod\u013ea \u00a7 22 Stavebn\u00e9ho z\u00e1kona \u017diados\u0165 o vydanie dolo\u017eky s\u00faladu k projektu stavby dotknutej [&hellip;]<\/p>\n","protected":false},"author":1,"featured_media":0,"parent":0,"menu_order":0,"comment_status":"closed","ping_status":"closed","template":"page-templates\/page_fullwidth.php","meta":{"_acf_changed":false,"_monsterinsights_skip_tracking":false,"_monsterinsights_sitenote_active":false,"_monsterinsights_sitenote_note":"","_monsterinsights_sitenote_category":0,"footnotes":""},"class_list":["post-32","page","type-page","status-publish","hentry"],"acf":[],"yoast_head":"<!-- This site is optimized with the Yoast SEO plugin v27.5 - https:\/\/yoast.com\/product\/yoast-seo-wordpress\/ -->\n<title>Na stiahnutie - Region\u00e1lna vod\u00e1rensk\u00e1 spolo\u010dnos\u0165 Vl\u00e1ra - V\u00e1h<\/title>\n<meta name=\"robots\" content=\"index, follow, max-snippet:-1, max-image-preview:large, max-video-preview:-1\" \/>\n<link rel=\"canonical\" href=\"https:\/\/rvsvv.sk\/?page_id=32\" \/>\n<meta property=\"og:locale\" content=\"sk_SK\" \/>\n<meta property=\"og:type\" content=\"article\" \/>\n<meta property=\"og:title\" content=\"Na stiahnutie - Region\u00e1lna vod\u00e1rensk\u00e1 spolo\u010dnos\u0165 Vl\u00e1ra - V\u00e1h\" \/>\n<meta property=\"og:description\" content=\"\u017diados\u0165 o vydanie z\u00e1v\u00e4zn\u00e9ho vyjadrenia dotknutej pr\u00e1vnickej osoby pod\u013ea \u00a7 22 Stavebn\u00e9ho z\u00e1kona \u017diados\u0165 o vydanie dolo\u017eky s\u00faladu k projektu stavby dotknutej [&hellip;]\" \/>\n<meta property=\"og:url\" content=\"https:\/\/rvsvv.sk\/?page_id=32\" \/>\n<meta property=\"og:site_name\" content=\"Region\u00e1lna vod\u00e1rensk\u00e1 spolo\u010dnos\u0165 Vl\u00e1ra - V\u00e1h\" \/>\n<meta property=\"article:publisher\" content=\"https:\/\/www.facebook.com\/profile.php?id=61582484018422\" \/>\n<meta property=\"article:modified_time\" content=\"2025-10-22T09:14:36+00:00\" \/>\n<meta property=\"og:image\" content=\"https:\/\/rvsvv.sk\/wp-content\/uploads\/2025\/10\/IMG_0166.png\" \/>\n\t<meta property=\"og:image:width\" content=\"292\" \/>\n\t<meta property=\"og:image:height\" content=\"216\" \/>\n\t<meta property=\"og:image:type\" content=\"image\/png\" \/>\n<meta name=\"twitter:card\" content=\"summary_large_image\" \/>\n<meta name=\"twitter:label1\" content=\"Predpokladan\u00fd \u010das \u010d\u00edtania\" \/>\n\t<meta name=\"twitter:data1\" content=\"1 min\u00fata\" \/>\n<script type=\"application\/ld+json\" class=\"yoast-schema-graph\">{\"@context\":\"https:\\\/\\\/schema.org\",\"@graph\":[{\"@type\":\"WebPage\",\"@id\":\"https:\\\/\\\/rvsvv.sk\\\/?page_id=32\",\"url\":\"https:\\\/\\\/rvsvv.sk\\\/?page_id=32\",\"name\":\"Na stiahnutie - Region\u00e1lna vod\u00e1rensk\u00e1 spolo\u010dnos\u0165 Vl\u00e1ra - V\u00e1h\",\"isPartOf\":{\"@id\":\"https:\\\/\\\/rvsvv.sk\\\/#website\"},\"datePublished\":\"2017-01-29T12:38:06+00:00\",\"dateModified\":\"2025-10-22T09:14:36+00:00\",\"breadcrumb\":{\"@id\":\"https:\\\/\\\/rvsvv.sk\\\/?page_id=32#breadcrumb\"},\"inLanguage\":\"sk-SK\",\"potentialAction\":[{\"@type\":\"ReadAction\",\"target\":[\"https:\\\/\\\/rvsvv.sk\\\/?page_id=32\"]}]},{\"@type\":\"BreadcrumbList\",\"@id\":\"https:\\\/\\\/rvsvv.sk\\\/?page_id=32#breadcrumb\",\"itemListElement\":[{\"@type\":\"ListItem\",\"position\":1,\"name\":\"Domovsk\u00e1 str\u00e1nka\",\"item\":\"https:\\\/\\\/rvsvv.sk\\\/\"},{\"@type\":\"ListItem\",\"position\":2,\"name\":\"Na stiahnutie\"}]},{\"@type\":\"WebSite\",\"@id\":\"https:\\\/\\\/rvsvv.sk\\\/#website\",\"url\":\"https:\\\/\\\/rvsvv.sk\\\/\",\"name\":\"Region\u00e1lna vod\u00e1rensk\u00e1 spolo\u010dnos\u0165 Vl\u00e1ra - V\u00e1h\",\"description\":\"RVSVV\",\"publisher\":{\"@id\":\"https:\\\/\\\/rvsvv.sk\\\/#organization\"},\"alternateName\":\"RVSVV\",\"potentialAction\":[{\"@type\":\"SearchAction\",\"target\":{\"@type\":\"EntryPoint\",\"urlTemplate\":\"https:\\\/\\\/rvsvv.sk\\\/?s={search_term_string}\"},\"query-input\":{\"@type\":\"PropertyValueSpecification\",\"valueRequired\":true,\"valueName\":\"search_term_string\"}}],\"inLanguage\":\"sk-SK\"},{\"@type\":\"Organization\",\"@id\":\"https:\\\/\\\/rvsvv.sk\\\/#organization\",\"name\":\"Region\u00e1lna vod\u00e1rensk\u00e1 spolo\u010dnos\u0165 Vl\u00e1ra - V\u00e1h\",\"url\":\"https:\\\/\\\/rvsvv.sk\\\/\",\"logo\":{\"@type\":\"ImageObject\",\"inLanguage\":\"sk-SK\",\"@id\":\"https:\\\/\\\/rvsvv.sk\\\/#\\\/schema\\\/logo\\\/image\\\/\",\"url\":\"https:\\\/\\\/rvsvv.sk\\\/wp-content\\\/uploads\\\/2025\\\/10\\\/IMG_0166.png\",\"contentUrl\":\"https:\\\/\\\/rvsvv.sk\\\/wp-content\\\/uploads\\\/2025\\\/10\\\/IMG_0166.png\",\"width\":292,\"height\":216,\"caption\":\"Region\u00e1lna vod\u00e1rensk\u00e1 spolo\u010dnos\u0165 Vl\u00e1ra - V\u00e1h\"},\"image\":{\"@id\":\"https:\\\/\\\/rvsvv.sk\\\/#\\\/schema\\\/logo\\\/image\\\/\"},\"sameAs\":[\"https:\\\/\\\/www.facebook.com\\\/profile.php?id=61582484018422\"]}]}<\/script>\n<!-- \/ Yoast SEO plugin. -->","yoast_head_json":{"title":"Na stiahnutie - Region\u00e1lna vod\u00e1rensk\u00e1 spolo\u010dnos\u0165 Vl\u00e1ra - V\u00e1h","robots":{"index":"index","follow":"follow","max-snippet":"max-snippet:-1","max-image-preview":"max-image-preview:large","max-video-preview":"max-video-preview:-1"},"canonical":"https:\/\/rvsvv.sk\/?page_id=32","og_locale":"sk_SK","og_type":"article","og_title":"Na stiahnutie - Region\u00e1lna vod\u00e1rensk\u00e1 spolo\u010dnos\u0165 Vl\u00e1ra - V\u00e1h","og_description":"\u017diados\u0165 o vydanie z\u00e1v\u00e4zn\u00e9ho vyjadrenia dotknutej pr\u00e1vnickej osoby pod\u013ea \u00a7 22 Stavebn\u00e9ho z\u00e1kona \u017diados\u0165 o vydanie dolo\u017eky s\u00faladu k projektu stavby dotknutej [&hellip;]","og_url":"https:\/\/rvsvv.sk\/?page_id=32","og_site_name":"Region\u00e1lna vod\u00e1rensk\u00e1 spolo\u010dnos\u0165 Vl\u00e1ra - V\u00e1h","article_publisher":"https:\/\/www.facebook.com\/profile.php?id=61582484018422","article_modified_time":"2025-10-22T09:14:36+00:00","og_image":[{"width":292,"height":216,"url":"https:\/\/rvsvv.sk\/wp-content\/uploads\/2025\/10\/IMG_0166.png","type":"image\/png"}],"twitter_card":"summary_large_image","twitter_misc":{"Predpokladan\u00fd \u010das \u010d\u00edtania":"1 min\u00fata"},"schema":{"@context":"https:\/\/schema.org","@graph":[{"@type":"WebPage","@id":"https:\/\/rvsvv.sk\/?page_id=32","url":"https:\/\/rvsvv.sk\/?page_id=32","name":"Na stiahnutie - Region\u00e1lna vod\u00e1rensk\u00e1 spolo\u010dnos\u0165 Vl\u00e1ra - V\u00e1h","isPartOf":{"@id":"https:\/\/rvsvv.sk\/#website"},"datePublished":"2017-01-29T12:38:06+00:00","dateModified":"2025-10-22T09:14:36+00:00","breadcrumb":{"@id":"https:\/\/rvsvv.sk\/?page_id=32#breadcrumb"},"inLanguage":"sk-SK","potentialAction":[{"@type":"ReadAction","target":["https:\/\/rvsvv.sk\/?page_id=32"]}]},{"@type":"BreadcrumbList","@id":"https:\/\/rvsvv.sk\/?page_id=32#breadcrumb","itemListElement":[{"@type":"ListItem","position":1,"name":"Domovsk\u00e1 str\u00e1nka","item":"https:\/\/rvsvv.sk\/"},{"@type":"ListItem","position":2,"name":"Na stiahnutie"}]},{"@type":"WebSite","@id":"https:\/\/rvsvv.sk\/#website","url":"https:\/\/rvsvv.sk\/","name":"Region\u00e1lna vod\u00e1rensk\u00e1 spolo\u010dnos\u0165 Vl\u00e1ra - V\u00e1h","description":"RVSVV","publisher":{"@id":"https:\/\/rvsvv.sk\/#organization"},"alternateName":"RVSVV","potentialAction":[{"@type":"SearchAction","target":{"@type":"EntryPoint","urlTemplate":"https:\/\/rvsvv.sk\/?s={search_term_string}"},"query-input":{"@type":"PropertyValueSpecification","valueRequired":true,"valueName":"search_term_string"}}],"inLanguage":"sk-SK"},{"@type":"Organization","@id":"https:\/\/rvsvv.sk\/#organization","name":"Region\u00e1lna vod\u00e1rensk\u00e1 spolo\u010dnos\u0165 Vl\u00e1ra - V\u00e1h","url":"https:\/\/rvsvv.sk\/","logo":{"@type":"ImageObject","inLanguage":"sk-SK","@id":"https:\/\/rvsvv.sk\/#\/schema\/logo\/image\/","url":"https:\/\/rvsvv.sk\/wp-content\/uploads\/2025\/10\/IMG_0166.png","contentUrl":"https:\/\/rvsvv.sk\/wp-content\/uploads\/2025\/10\/IMG_0166.png","width":292,"height":216,"caption":"Region\u00e1lna vod\u00e1rensk\u00e1 spolo\u010dnos\u0165 Vl\u00e1ra - V\u00e1h"},"image":{"@id":"https:\/\/rvsvv.sk\/#\/schema\/logo\/image\/"},"sameAs":["https:\/\/www.facebook.com\/profile.php?id=61582484018422"]}]}},"_links":{"self":[{"href":"https:\/\/rvsvv.sk\/index.php?rest_route=\/wp\/v2\/pages\/32","targetHints":{"allow":["GET"]}}],"collection":[{"href":"https:\/\/rvsvv.sk\/index.php?rest_route=\/wp\/v2\/pages"}],"about":[{"href":"https:\/\/rvsvv.sk\/index.php?rest_route=\/wp\/v2\/types\/page"}],"author":[{"embeddable":true,"href":"https:\/\/rvsvv.sk\/index.php?rest_route=\/wp\/v2\/users\/1"}],"replies":[{"embeddable":true,"href":"https:\/\/rvsvv.sk\/index.php?rest_route=%2Fwp%2Fv2%2Fcomments&post=32"}],"version-history":[{"count":5,"href":"https:\/\/rvsvv.sk\/index.php?rest_route=\/wp\/v2\/pages\/32\/revisions"}],"predecessor-version":[{"id":2232,"href":"https:\/\/rvsvv.sk\/index.php?rest_route=\/wp\/v2\/pages\/32\/revisions\/2232"}],"wp:attachment":[{"href":"https:\/\/rvsvv.sk\/index.php?rest_route=%2Fwp%2Fv2%2Fmedia&parent=32"}],"curies":[{"name":"wp","href":"https:\/\/api.w.org\/{rel}","templated":true}]}}