{"id":334,"date":"2017-10-09T11:23:52","date_gmt":"2017-10-09T09:23:52","guid":{"rendered":"http:\/\/rvsvv.sk\/?page_id=334"},"modified":"2018-07-11T14:13:45","modified_gmt":"2018-07-11T12:13:45","slug":"2017-2","status":"publish","type":"page","link":"https:\/\/rvsvv.sk\/?page_id=334","title":{"rendered":"V\u00fdsledky odobran\u00fdch vzoriek verejn\u00e9ho vodovodu 2017"},"content":{"rendered":"<p><a href=\"http:\/\/rvsvv.sk\/wp-content\/uploads\/2017\/10\/1494.pdf\">1494<\/a><\/p>\n<p><a href=\"http:\/\/rvsvv.sk\/wp-content\/uploads\/2017\/10\/1496.pdf\">1496<\/a><\/p>\n<p><a href=\"http:\/\/rvsvv.sk\/wp-content\/uploads\/2017\/10\/1497.pdf\">1497<\/a><\/p>\n<p><a href=\"http:\/\/rvsvv.sk\/wp-content\/uploads\/2017\/10\/1498.pdf\">1498<\/a><\/p>\n<p><a href=\"http:\/\/rvsvv.sk\/wp-content\/uploads\/2017\/10\/2873.pdf\">2873<\/a><\/p>\n<p><a href=\"http:\/\/rvsvv.sk\/wp-content\/uploads\/2017\/10\/3236.pdf\">3236<\/a><\/p>\n<p><a href=\"http:\/\/rvsvv.sk\/wp-content\/uploads\/2017\/10\/3237.pdf\">3237<\/a><\/p>\n<p><a href=\"http:\/\/rvsvv.sk\/wp-content\/uploads\/2017\/10\/3238.pdf\">3238<\/a><\/p>\n<p><a href=\"http:\/\/rvsvv.sk\/wp-content\/uploads\/2017\/10\/3239.pdf\">3239<\/a><\/p>\n<p><a href=\"http:\/\/rvsvv.sk\/wp-content\/uploads\/2017\/10\/4580.pdf\">4580<\/a><\/p>\n<p><a href=\"http:\/\/rvsvv.sk\/wp-content\/uploads\/2017\/10\/3553.pdf\">3553<\/a><\/p>\n<p><a href=\"http:\/\/rvsvv.sk\/wp-content\/uploads\/2017\/10\/3246.pdf\">3246<\/a><\/p>\n<p><a href=\"http:\/\/rvsvv.sk\/wp-content\/uploads\/2017\/10\/3245.pdf\">3245<\/a><\/p>\n<p><a href=\"http:\/\/rvsvv.sk\/wp-content\/uploads\/2017\/10\/3244.pdf\">3244<\/a><\/p>\n<p><a href=\"http:\/\/rvsvv.sk\/wp-content\/uploads\/2017\/10\/3243.pdf\">3243<\/a><\/p>\n<p><a href=\"http:\/\/rvsvv.sk\/wp-content\/uploads\/2017\/10\/3242.pdf\">3242<\/a><\/p>\n<p><a href=\"http:\/\/rvsvv.sk\/wp-content\/uploads\/2017\/10\/3241.pdf\">3241<\/a><\/p>\n<p><a href=\"http:\/\/rvsvv.sk\/wp-content\/uploads\/2017\/10\/3240.pdf\">3240<\/a><\/p>\n<p><a href=\"http:\/\/rvsvv.sk\/wp-content\/uploads\/2017\/10\/4581.pdf\">4581<\/a><\/p>\n<p><a href=\"http:\/\/rvsvv.sk\/wp-content\/uploads\/2017\/10\/4582.pdf\">4582<\/a><\/p>\n<p><a href=\"http:\/\/rvsvv.sk\/wp-content\/uploads\/2017\/10\/4583.pdf\">4583<\/a><\/p>\n<p><a href=\"http:\/\/rvsvv.sk\/wp-content\/uploads\/2017\/10\/4584.pdf\">4584<\/a><\/p>\n<p><a href=\"http:\/\/rvsvv.sk\/wp-content\/uploads\/2017\/10\/4585.pdf\">4585<\/a><\/p>\n<p><a href=\"http:\/\/rvsvv.sk\/wp-content\/uploads\/2017\/10\/4586.pdf\">4586<\/a><\/p>\n<p><a href=\"http:\/\/rvsvv.sk\/wp-content\/uploads\/2017\/10\/4587.pdf\">4587<\/a><\/p>\n<p><a href=\"http:\/\/rvsvv.sk\/wp-content\/uploads\/2017\/10\/4588.pdf\">4588<\/a><\/p>\n<p><a href=\"http:\/\/rvsvv.sk\/wp-content\/uploads\/2017\/10\/5206.pdf\">5206<\/a><\/p>\n<p><a href=\"http:\/\/rvsvv.sk\/wp-content\/uploads\/2017\/10\/6567.pdf\">6567<\/a><\/p>\n<p><a href=\"http:\/\/rvsvv.sk\/wp-content\/uploads\/2017\/10\/5873.pdf\">5873<\/a><\/p>\n<p><a href=\"http:\/\/rvsvv.sk\/wp-content\/uploads\/2017\/10\/5872.pdf\">5872<\/a><\/p>\n<p><a href=\"http:\/\/rvsvv.sk\/wp-content\/uploads\/2017\/10\/5871.pdf\">5871<\/a><\/p>\n<p><a href=\"http:\/\/rvsvv.sk\/wp-content\/uploads\/2017\/10\/5870.pdf\">5870<\/a><\/p>\n<p><a href=\"http:\/\/rvsvv.sk\/wp-content\/uploads\/2017\/10\/5869.pdf\">5869<\/a><\/p>\n<p><a href=\"http:\/\/rvsvv.sk\/wp-content\/uploads\/2017\/10\/5866.pdf\">5866<\/a><\/p>\n<p><a href=\"http:\/\/rvsvv.sk\/wp-content\/uploads\/2017\/10\/5823.pdf\">5823<\/a><\/p>\n<p><a href=\"http:\/\/rvsvv.sk\/wp-content\/uploads\/2017\/10\/5822.pdf\">5822<\/a><\/p>\n<p><a href=\"http:\/\/rvsvv.sk\/wp-content\/uploads\/2017\/10\/6568.pdf\">6568<\/a><\/p>\n<p><a href=\"http:\/\/rvsvv.sk\/wp-content\/uploads\/2017\/10\/6569.pdf\">6569<\/a><\/p>\n<p><a href=\"http:\/\/rvsvv.sk\/wp-content\/uploads\/2017\/10\/6570.pdf\">6570<\/a><\/p>\n<p><a href=\"http:\/\/rvsvv.sk\/wp-content\/uploads\/2017\/10\/6571.pdf\">6571<\/a><\/p>\n<p><a href=\"http:\/\/rvsvv.sk\/wp-content\/uploads\/2017\/10\/6572.pdf\">6572<\/a><\/p>\n<p><a href=\"http:\/\/rvsvv.sk\/wp-content\/uploads\/2017\/10\/6573.pdf\">6573<\/a><\/p>\n<p><a href=\"http:\/\/rvsvv.sk\/wp-content\/uploads\/2017\/10\/6574.pdf\">6574<\/a><\/p>\n<p><a href=\"http:\/\/rvsvv.sk\/wp-content\/uploads\/2017\/10\/6575.pdf\">6575<\/a><\/p>\n<p><a href=\"http:\/\/rvsvv.sk\/wp-content\/uploads\/2017\/10\/6576.pdf\">6576<\/a><\/p>\n<p><a href=\"http:\/\/rvsvv.sk\/wp-content\/uploads\/2017\/10\/8506.pdf\">8506<\/a><\/p>\n<p><a href=\"http:\/\/rvsvv.sk\/wp-content\/uploads\/2017\/10\/7663.pdf\">7663<\/a><\/p>\n<p><a href=\"http:\/\/rvsvv.sk\/wp-content\/uploads\/2017\/10\/7662.pdf\">7662<\/a><\/p>\n<p><a href=\"http:\/\/rvsvv.sk\/wp-content\/uploads\/2017\/10\/7661.pdf\">7661<\/a><\/p>\n<p><a href=\"http:\/\/rvsvv.sk\/wp-content\/uploads\/2017\/10\/7660.pdf\">7660<\/a><\/p>\n<p><a href=\"http:\/\/rvsvv.sk\/wp-content\/uploads\/2017\/10\/7659.pdf\">7659<\/a><\/p>\n<p><a href=\"http:\/\/rvsvv.sk\/wp-content\/uploads\/2017\/10\/7658.pdf\">7658<\/a><\/p>\n<p><a href=\"http:\/\/rvsvv.sk\/wp-content\/uploads\/2017\/10\/7657.pdf\">7657<\/a><\/p>\n<p><a href=\"http:\/\/rvsvv.sk\/wp-content\/uploads\/2017\/10\/7656.pdf\">7656<\/a><\/p>\n<p><a href=\"http:\/\/rvsvv.sk\/wp-content\/uploads\/2017\/10\/8507.pdf\">8507<\/a><\/p>\n<p><a href=\"http:\/\/rvsvv.sk\/wp-content\/uploads\/2017\/10\/8508.pdf\">8508<\/a><\/p>\n<p><a href=\"http:\/\/rvsvv.sk\/wp-content\/uploads\/2017\/10\/8509.pdf\">8509<\/a><\/p>\n<p><a href=\"http:\/\/rvsvv.sk\/wp-content\/uploads\/2017\/10\/8510.pdf\">8510<\/a><\/p>\n<p><a href=\"http:\/\/rvsvv.sk\/wp-content\/uploads\/2017\/10\/8511.pdf\">8511<\/a><\/p>\n<p><a href=\"http:\/\/rvsvv.sk\/wp-content\/uploads\/2017\/10\/8512.pdf\">8512<\/a><\/p>\n<p><a href=\"http:\/\/rvsvv.sk\/wp-content\/uploads\/2017\/10\/8513.pdf\">8513<\/a><\/p>\n<p><a href=\"http:\/\/rvsvv.sk\/wp-content\/uploads\/2017\/10\/8514.pdf\">8514<\/a><\/p>\n<p><a href=\"http:\/\/rvsvv.sk\/wp-content\/uploads\/2017\/10\/8515.pdf\">8515<\/a><\/p>\n<p><a href=\"http:\/\/rvsvv.sk\/wp-content\/uploads\/2017\/10\/1493.pdf\">1493<\/a><\/p>\n<p><a href=\"http:\/\/rvsvv.sk\/wp-content\/uploads\/2017\/10\/1492.pdf\">1492<\/a><\/p>\n<p><a href=\"http:\/\/rvsvv.sk\/wp-content\/uploads\/2017\/10\/1491.pdf\">1491<\/a><\/p>\n<p><a href=\"http:\/\/rvsvv.sk\/wp-content\/uploads\/2017\/10\/1490.pdf\">1490<\/a><\/p>\n<p><a href=\"http:\/\/rvsvv.sk\/wp-content\/uploads\/2017\/10\/1489.pdf\">1489<\/a><\/p>\n<p><a href=\"http:\/\/rvsvv.sk\/wp-content\/uploads\/2017\/10\/1488.pdf\">1488<\/a><\/p>\n<p><a href=\"http:\/\/rvsvv.sk\/wp-content\/uploads\/2017\/10\/1487.pdf\">1487<\/a><\/p>\n<p><a href=\"http:\/\/rvsvv.sk\/wp-content\/uploads\/2017\/10\/1486.pdf\">1486<\/a><\/p>\n<p><a href=\"http:\/\/rvsvv.sk\/wp-content\/uploads\/2017\/10\/1485.pdf\">1485<\/a><\/p>\n<p><a href=\"http:\/\/rvsvv.sk\/wp-content\/uploads\/2018\/07\/9941.pdf\">9941<\/a><\/p>\n<p><a href=\"http:\/\/rvsvv.sk\/wp-content\/uploads\/2018\/07\/9942.pdf\">9942<\/a><\/p>\n<p><a href=\"http:\/\/rvsvv.sk\/wp-content\/uploads\/2018\/07\/9943.pdf\">9943<\/a><\/p>\n<p><a href=\"http:\/\/rvsvv.sk\/wp-content\/uploads\/2018\/07\/9944.pdf\">9944<\/a><\/p>\n<p><a href=\"http:\/\/rvsvv.sk\/wp-content\/uploads\/2018\/07\/9945.pdf\">9945<\/a><\/p>\n<p><a href=\"http:\/\/rvsvv.sk\/wp-content\/uploads\/2018\/07\/9946.pdf\">9946<\/a><\/p>\n<p><a href=\"http:\/\/rvsvv.sk\/wp-content\/uploads\/2018\/07\/9937.pdf\">9937<\/a><\/p>\n<p><a href=\"http:\/\/rvsvv.sk\/wp-content\/uploads\/2018\/07\/9938.pdf\">9938<\/a><\/p>\n<p><a href=\"http:\/\/rvsvv.sk\/wp-content\/uploads\/2018\/07\/9939.pdf\">9939<\/a><\/p>\n<p><a href=\"http:\/\/rvsvv.sk\/wp-content\/uploads\/2018\/07\/9940.pdf\">9940<\/a><\/p>\n","protected":false},"excerpt":{"rendered":"<p>1494 1496 1497 1498 2873 3236 3237 3238 3239 4580 3553 3246 3245 3244 3243 3242 3241 3240 4581 4582 4583 4584 [&hellip;]<\/p>\n","protected":false},"author":1,"featured_media":0,"parent":331,"menu_order":0,"comment_status":"closed","ping_status":"closed","template":"page-templates\/page_fullwidth.php","meta":{"_acf_changed":false,"_monsterinsights_skip_tracking":false,"_monsterinsights_sitenote_active":false,"_monsterinsights_sitenote_note":"","_monsterinsights_sitenote_category":0,"footnotes":""},"class_list":["post-334","page","type-page","status-publish","hentry"],"acf":[],"yoast_head":"<!-- This site is optimized with the Yoast SEO plugin v27.5 - https:\/\/yoast.com\/product\/yoast-seo-wordpress\/ -->\n<title>V\u00fdsledky odobran\u00fdch vzoriek verejn\u00e9ho vodovodu 2017 - Region\u00e1lna vod\u00e1rensk\u00e1 spolo\u010dnos\u0165 Vl\u00e1ra - V\u00e1h<\/title>\n<meta name=\"robots\" content=\"index, follow, max-snippet:-1, max-image-preview:large, max-video-preview:-1\" \/>\n<link rel=\"canonical\" href=\"https:\/\/rvsvv.sk\/?page_id=334\" \/>\n<meta property=\"og:locale\" content=\"sk_SK\" \/>\n<meta property=\"og:type\" content=\"article\" \/>\n<meta property=\"og:title\" content=\"V\u00fdsledky odobran\u00fdch vzoriek verejn\u00e9ho vodovodu 2017 - Region\u00e1lna vod\u00e1rensk\u00e1 spolo\u010dnos\u0165 Vl\u00e1ra - V\u00e1h\" \/>\n<meta property=\"og:description\" content=\"1494 1496 1497 1498 2873 3236 3237 3238 3239 4580 3553 3246 3245 3244 3243 3242 3241 3240 4581 4582 4583 4584 [&hellip;]\" \/>\n<meta property=\"og:url\" content=\"https:\/\/rvsvv.sk\/?page_id=334\" \/>\n<meta property=\"og:site_name\" content=\"Region\u00e1lna vod\u00e1rensk\u00e1 spolo\u010dnos\u0165 Vl\u00e1ra - V\u00e1h\" \/>\n<meta property=\"article:publisher\" content=\"https:\/\/www.facebook.com\/profile.php?id=61582484018422\" \/>\n<meta property=\"article:modified_time\" content=\"2018-07-11T12:13:45+00:00\" \/>\n<meta property=\"og:image\" content=\"https:\/\/rvsvv.sk\/wp-content\/uploads\/2025\/10\/IMG_0166.png\" \/>\n\t<meta property=\"og:image:width\" content=\"292\" \/>\n\t<meta property=\"og:image:height\" content=\"216\" \/>\n\t<meta property=\"og:image:type\" content=\"image\/png\" \/>\n<meta name=\"twitter:card\" content=\"summary_large_image\" \/>\n<script type=\"application\/ld+json\" class=\"yoast-schema-graph\">{\"@context\":\"https:\\\/\\\/schema.org\",\"@graph\":[{\"@type\":\"WebPage\",\"@id\":\"https:\\\/\\\/rvsvv.sk\\\/?page_id=334\",\"url\":\"https:\\\/\\\/rvsvv.sk\\\/?page_id=334\",\"name\":\"V\u00fdsledky odobran\u00fdch vzoriek verejn\u00e9ho vodovodu 2017 - Region\u00e1lna vod\u00e1rensk\u00e1 spolo\u010dnos\u0165 Vl\u00e1ra - V\u00e1h\",\"isPartOf\":{\"@id\":\"https:\\\/\\\/rvsvv.sk\\\/#website\"},\"datePublished\":\"2017-10-09T09:23:52+00:00\",\"dateModified\":\"2018-07-11T12:13:45+00:00\",\"breadcrumb\":{\"@id\":\"https:\\\/\\\/rvsvv.sk\\\/?page_id=334#breadcrumb\"},\"inLanguage\":\"sk-SK\",\"potentialAction\":[{\"@type\":\"ReadAction\",\"target\":[\"https:\\\/\\\/rvsvv.sk\\\/?page_id=334\"]}]},{\"@type\":\"BreadcrumbList\",\"@id\":\"https:\\\/\\\/rvsvv.sk\\\/?page_id=334#breadcrumb\",\"itemListElement\":[{\"@type\":\"ListItem\",\"position\":1,\"name\":\"Domovsk\u00e1 str\u00e1nka\",\"item\":\"https:\\\/\\\/rvsvv.sk\\\/\"},{\"@type\":\"ListItem\",\"position\":2,\"name\":\"V\u00fdsledky odobran\u00fdch vzoriek verejn\u00e9ho vodovodu\",\"item\":\"https:\\\/\\\/rvsvv.sk\\\/?page_id=331\"},{\"@type\":\"ListItem\",\"position\":3,\"name\":\"V\u00fdsledky odobran\u00fdch vzoriek verejn\u00e9ho vodovodu 2017\"}]},{\"@type\":\"WebSite\",\"@id\":\"https:\\\/\\\/rvsvv.sk\\\/#website\",\"url\":\"https:\\\/\\\/rvsvv.sk\\\/\",\"name\":\"Region\u00e1lna vod\u00e1rensk\u00e1 spolo\u010dnos\u0165 Vl\u00e1ra - V\u00e1h\",\"description\":\"RVSVV\",\"publisher\":{\"@id\":\"https:\\\/\\\/rvsvv.sk\\\/#organization\"},\"alternateName\":\"RVSVV\",\"potentialAction\":[{\"@type\":\"SearchAction\",\"target\":{\"@type\":\"EntryPoint\",\"urlTemplate\":\"https:\\\/\\\/rvsvv.sk\\\/?s={search_term_string}\"},\"query-input\":{\"@type\":\"PropertyValueSpecification\",\"valueRequired\":true,\"valueName\":\"search_term_string\"}}],\"inLanguage\":\"sk-SK\"},{\"@type\":\"Organization\",\"@id\":\"https:\\\/\\\/rvsvv.sk\\\/#organization\",\"name\":\"Region\u00e1lna vod\u00e1rensk\u00e1 spolo\u010dnos\u0165 Vl\u00e1ra - V\u00e1h\",\"url\":\"https:\\\/\\\/rvsvv.sk\\\/\",\"logo\":{\"@type\":\"ImageObject\",\"inLanguage\":\"sk-SK\",\"@id\":\"https:\\\/\\\/rvsvv.sk\\\/#\\\/schema\\\/logo\\\/image\\\/\",\"url\":\"https:\\\/\\\/rvsvv.sk\\\/wp-content\\\/uploads\\\/2025\\\/10\\\/IMG_0166.png\",\"contentUrl\":\"https:\\\/\\\/rvsvv.sk\\\/wp-content\\\/uploads\\\/2025\\\/10\\\/IMG_0166.png\",\"width\":292,\"height\":216,\"caption\":\"Region\u00e1lna vod\u00e1rensk\u00e1 spolo\u010dnos\u0165 Vl\u00e1ra - V\u00e1h\"},\"image\":{\"@id\":\"https:\\\/\\\/rvsvv.sk\\\/#\\\/schema\\\/logo\\\/image\\\/\"},\"sameAs\":[\"https:\\\/\\\/www.facebook.com\\\/profile.php?id=61582484018422\"]}]}<\/script>\n<!-- \/ Yoast SEO plugin. -->","yoast_head_json":{"title":"V\u00fdsledky odobran\u00fdch vzoriek verejn\u00e9ho vodovodu 2017 - Region\u00e1lna vod\u00e1rensk\u00e1 spolo\u010dnos\u0165 Vl\u00e1ra - V\u00e1h","robots":{"index":"index","follow":"follow","max-snippet":"max-snippet:-1","max-image-preview":"max-image-preview:large","max-video-preview":"max-video-preview:-1"},"canonical":"https:\/\/rvsvv.sk\/?page_id=334","og_locale":"sk_SK","og_type":"article","og_title":"V\u00fdsledky odobran\u00fdch vzoriek verejn\u00e9ho vodovodu 2017 - Region\u00e1lna vod\u00e1rensk\u00e1 spolo\u010dnos\u0165 Vl\u00e1ra - V\u00e1h","og_description":"1494 1496 1497 1498 2873 3236 3237 3238 3239 4580 3553 3246 3245 3244 3243 3242 3241 3240 4581 4582 4583 4584 [&hellip;]","og_url":"https:\/\/rvsvv.sk\/?page_id=334","og_site_name":"Region\u00e1lna vod\u00e1rensk\u00e1 spolo\u010dnos\u0165 Vl\u00e1ra - V\u00e1h","article_publisher":"https:\/\/www.facebook.com\/profile.php?id=61582484018422","article_modified_time":"2018-07-11T12:13:45+00:00","og_image":[{"width":292,"height":216,"url":"https:\/\/rvsvv.sk\/wp-content\/uploads\/2025\/10\/IMG_0166.png","type":"image\/png"}],"twitter_card":"summary_large_image","schema":{"@context":"https:\/\/schema.org","@graph":[{"@type":"WebPage","@id":"https:\/\/rvsvv.sk\/?page_id=334","url":"https:\/\/rvsvv.sk\/?page_id=334","name":"V\u00fdsledky odobran\u00fdch vzoriek verejn\u00e9ho vodovodu 2017 - Region\u00e1lna vod\u00e1rensk\u00e1 spolo\u010dnos\u0165 Vl\u00e1ra - V\u00e1h","isPartOf":{"@id":"https:\/\/rvsvv.sk\/#website"},"datePublished":"2017-10-09T09:23:52+00:00","dateModified":"2018-07-11T12:13:45+00:00","breadcrumb":{"@id":"https:\/\/rvsvv.sk\/?page_id=334#breadcrumb"},"inLanguage":"sk-SK","potentialAction":[{"@type":"ReadAction","target":["https:\/\/rvsvv.sk\/?page_id=334"]}]},{"@type":"BreadcrumbList","@id":"https:\/\/rvsvv.sk\/?page_id=334#breadcrumb","itemListElement":[{"@type":"ListItem","position":1,"name":"Domovsk\u00e1 str\u00e1nka","item":"https:\/\/rvsvv.sk\/"},{"@type":"ListItem","position":2,"name":"V\u00fdsledky odobran\u00fdch vzoriek verejn\u00e9ho vodovodu","item":"https:\/\/rvsvv.sk\/?page_id=331"},{"@type":"ListItem","position":3,"name":"V\u00fdsledky odobran\u00fdch vzoriek verejn\u00e9ho vodovodu 2017"}]},{"@type":"WebSite","@id":"https:\/\/rvsvv.sk\/#website","url":"https:\/\/rvsvv.sk\/","name":"Region\u00e1lna vod\u00e1rensk\u00e1 spolo\u010dnos\u0165 Vl\u00e1ra - V\u00e1h","description":"RVSVV","publisher":{"@id":"https:\/\/rvsvv.sk\/#organization"},"alternateName":"RVSVV","potentialAction":[{"@type":"SearchAction","target":{"@type":"EntryPoint","urlTemplate":"https:\/\/rvsvv.sk\/?s={search_term_string}"},"query-input":{"@type":"PropertyValueSpecification","valueRequired":true,"valueName":"search_term_string"}}],"inLanguage":"sk-SK"},{"@type":"Organization","@id":"https:\/\/rvsvv.sk\/#organization","name":"Region\u00e1lna vod\u00e1rensk\u00e1 spolo\u010dnos\u0165 Vl\u00e1ra - V\u00e1h","url":"https:\/\/rvsvv.sk\/","logo":{"@type":"ImageObject","inLanguage":"sk-SK","@id":"https:\/\/rvsvv.sk\/#\/schema\/logo\/image\/","url":"https:\/\/rvsvv.sk\/wp-content\/uploads\/2025\/10\/IMG_0166.png","contentUrl":"https:\/\/rvsvv.sk\/wp-content\/uploads\/2025\/10\/IMG_0166.png","width":292,"height":216,"caption":"Region\u00e1lna vod\u00e1rensk\u00e1 spolo\u010dnos\u0165 Vl\u00e1ra - V\u00e1h"},"image":{"@id":"https:\/\/rvsvv.sk\/#\/schema\/logo\/image\/"},"sameAs":["https:\/\/www.facebook.com\/profile.php?id=61582484018422"]}]}},"_links":{"self":[{"href":"https:\/\/rvsvv.sk\/index.php?rest_route=\/wp\/v2\/pages\/334","targetHints":{"allow":["GET"]}}],"collection":[{"href":"https:\/\/rvsvv.sk\/index.php?rest_route=\/wp\/v2\/pages"}],"about":[{"href":"https:\/\/rvsvv.sk\/index.php?rest_route=\/wp\/v2\/types\/page"}],"author":[{"embeddable":true,"href":"https:\/\/rvsvv.sk\/index.php?rest_route=\/wp\/v2\/users\/1"}],"replies":[{"embeddable":true,"href":"https:\/\/rvsvv.sk\/index.php?rest_route=%2Fwp%2Fv2%2Fcomments&post=334"}],"version-history":[{"count":5,"href":"https:\/\/rvsvv.sk\/index.php?rest_route=\/wp\/v2\/pages\/334\/revisions"}],"predecessor-version":[{"id":542,"href":"https:\/\/rvsvv.sk\/index.php?rest_route=\/wp\/v2\/pages\/334\/revisions\/542"}],"up":[{"embeddable":true,"href":"https:\/\/rvsvv.sk\/index.php?rest_route=\/wp\/v2\/pages\/331"}],"wp:attachment":[{"href":"https:\/\/rvsvv.sk\/index.php?rest_route=%2Fwp%2Fv2%2Fmedia&parent=334"}],"curies":[{"name":"wp","href":"https:\/\/api.w.org\/{rel}","templated":true}]}}